{"id":44,"date":"2021-07-16T03:48:10","date_gmt":"2021-07-16T03:48:10","guid":{"rendered":"https:\/\/leseresdegatova.es\/?page_id=44"},"modified":"2022-12-09T23:34:47","modified_gmt":"2022-12-09T23:34:47","slug":"pie-de-leon-89","status":"publish","type":"page","link":"https:\/\/leseresdegatova.es\/index.php\/pie-de-leon-89\/","title":{"rendered":"Pie de Le\u00f3n 89"},"content":{"rendered":"\t\t<div data-elementor-type=\"wp-page\" data-elementor-id=\"44\" class=\"elementor elementor-44\">\n\t\t\t\t\t\t<section class=\"elementor-section elementor-top-section elementor-element elementor-element-fd2bea1 elementor-section-height-min-height elementor-section-boxed elementor-section-height-default elementor-section-items-middle elementor-invisible\" data-id=\"fd2bea1\" data-element_type=\"section\" data-settings=\"{&quot;animation&quot;:&quot;zoomIn&quot;}\">\n\t\t\t\t\t\t<div class=\"elementor-container elementor-column-gap-default\">\n\t\t\t\t\t<div class=\"elementor-column elementor-col-100 elementor-top-column elementor-element elementor-element-065f778\" data-id=\"065f778\" data-element_type=\"column\">\n\t\t\t<div class=\"elementor-widget-wrap elementor-element-populated\">\n\t\t\t\t\t\t<div class=\"elementor-element elementor-element-bcf3975 animated-slow elementor-invisible elementor-widget elementor-widget-heading\" data-id=\"bcf3975\" data-element_type=\"widget\" data-settings=\"{&quot;_animation&quot;:&quot;zoomIn&quot;}\" data-widget_type=\"heading.default\">\n\t\t\t\t<div class=\"elementor-widget-container\">\n\t\t\t\t\t<h2 class=\"elementor-heading-title elementor-size-default\">Pie de Le\u00f3n 89<\/h2>\t\t\t\t<\/div>\n\t\t\t\t<\/div>\n\t\t\t\t<div class=\"elementor-element elementor-element-62d8cc9 animated-slow elementor-arrows-position-inside elementor-invisible elementor-widget elementor-widget-image-carousel\" data-id=\"62d8cc9\" data-element_type=\"widget\" data-settings=\"{&quot;slides_to_show&quot;:&quot;2&quot;,&quot;slides_to_scroll&quot;:&quot;1&quot;,&quot;navigation&quot;:&quot;arrows&quot;,&quot;image_spacing_custom&quot;:{&quot;unit&quot;:&quot;px&quot;,&quot;size&quot;:63,&quot;sizes&quot;:[]},&quot;_animation&quot;:&quot;zoomIn&quot;,&quot;autoplay&quot;:&quot;yes&quot;,&quot;pause_on_hover&quot;:&quot;yes&quot;,&quot;pause_on_interaction&quot;:&quot;yes&quot;,&quot;autoplay_speed&quot;:5000,&quot;infinite&quot;:&quot;yes&quot;,&quot;speed&quot;:500,&quot;image_spacing_custom_tablet&quot;:{&quot;unit&quot;:&quot;px&quot;,&quot;size&quot;:&quot;&quot;,&quot;sizes&quot;:[]},&quot;image_spacing_custom_mobile&quot;:{&quot;unit&quot;:&quot;px&quot;,&quot;size&quot;:&quot;&quot;,&quot;sizes&quot;:[]}}\" data-widget_type=\"image-carousel.default\">\n\t\t\t\t<div class=\"elementor-widget-container\">\n\t\t\t\t\t\t\t<div class=\"elementor-image-carousel-wrapper swiper\" role=\"region\" aria-roledescription=\"carousel\" aria-label=\"Image Carousel\" dir=\"ltr\">\n\t\t\t<div class=\"elementor-image-carousel swiper-wrapper\" aria-live=\"off\">\n\t\t\t\t\t\t\t\t<div class=\"swiper-slide\" role=\"group\" aria-roledescription=\"slide\" aria-label=\"1 of 6\"><figure class=\"swiper-slide-inner\"><img decoding=\"async\" class=\"swiper-slide-image lazyload\" data-src=\"https:\/\/leseresdegatova.es\/wp-content\/uploads\/2021\/07\/1.2-819x1024.jpg\" alt=\"1.2\" src=\"data:image\/svg+xml;base64,PHN2ZyB3aWR0aD0iMSIgaGVpZ2h0PSIxIiB4bWxucz0iaHR0cDovL3d3dy53My5vcmcvMjAwMC9zdmciPjwvc3ZnPg==\" style=\"--smush-placeholder-width: 819px; --smush-placeholder-aspect-ratio: 819\/1024;\" \/><\/figure><\/div><div class=\"swiper-slide\" role=\"group\" aria-roledescription=\"slide\" aria-label=\"2 of 6\"><figure class=\"swiper-slide-inner\"><img decoding=\"async\" class=\"swiper-slide-image lazyload\" data-src=\"https:\/\/leseresdegatova.es\/wp-content\/uploads\/2021\/07\/4-819x1024.jpg\" alt=\"4\" src=\"data:image\/svg+xml;base64,PHN2ZyB3aWR0aD0iMSIgaGVpZ2h0PSIxIiB4bWxucz0iaHR0cDovL3d3dy53My5vcmcvMjAwMC9zdmciPjwvc3ZnPg==\" style=\"--smush-placeholder-width: 819px; --smush-placeholder-aspect-ratio: 819\/1024;\" \/><\/figure><\/div><div class=\"swiper-slide\" role=\"group\" aria-roledescription=\"slide\" aria-label=\"3 of 6\"><figure class=\"swiper-slide-inner\"><img decoding=\"async\" class=\"swiper-slide-image lazyload\" data-src=\"https:\/\/leseresdegatova.es\/wp-content\/uploads\/2021\/07\/2.1-819x1024.jpg\" alt=\"2.1\" src=\"data:image\/svg+xml;base64,PHN2ZyB3aWR0aD0iMSIgaGVpZ2h0PSIxIiB4bWxucz0iaHR0cDovL3d3dy53My5vcmcvMjAwMC9zdmciPjwvc3ZnPg==\" style=\"--smush-placeholder-width: 819px; --smush-placeholder-aspect-ratio: 819\/1024;\" \/><\/figure><\/div><div class=\"swiper-slide\" role=\"group\" aria-roledescription=\"slide\" aria-label=\"4 of 6\"><figure class=\"swiper-slide-inner\"><img decoding=\"async\" class=\"swiper-slide-image lazyload\" data-src=\"https:\/\/leseresdegatova.es\/wp-content\/uploads\/2021\/07\/2-819x1024.jpg\" alt=\"2\" src=\"data:image\/svg+xml;base64,PHN2ZyB3aWR0aD0iMSIgaGVpZ2h0PSIxIiB4bWxucz0iaHR0cDovL3d3dy53My5vcmcvMjAwMC9zdmciPjwvc3ZnPg==\" style=\"--smush-placeholder-width: 819px; --smush-placeholder-aspect-ratio: 819\/1024;\" \/><\/figure><\/div><div class=\"swiper-slide\" role=\"group\" aria-roledescription=\"slide\" aria-label=\"5 of 6\"><figure class=\"swiper-slide-inner\"><img decoding=\"async\" class=\"swiper-slide-image lazyload\" data-src=\"https:\/\/leseresdegatova.es\/wp-content\/uploads\/2021\/07\/1-819x1024.jpg\" alt=\"1\" src=\"data:image\/svg+xml;base64,PHN2ZyB3aWR0aD0iMSIgaGVpZ2h0PSIxIiB4bWxucz0iaHR0cDovL3d3dy53My5vcmcvMjAwMC9zdmciPjwvc3ZnPg==\" style=\"--smush-placeholder-width: 819px; --smush-placeholder-aspect-ratio: 819\/1024;\" \/><\/figure><\/div><div class=\"swiper-slide\" role=\"group\" aria-roledescription=\"slide\" aria-label=\"6 of 6\"><figure class=\"swiper-slide-inner\"><img decoding=\"async\" class=\"swiper-slide-image lazyload\" data-src=\"https:\/\/leseresdegatova.es\/wp-content\/uploads\/2021\/07\/3-819x1024.jpg\" alt=\"3\" src=\"data:image\/svg+xml;base64,PHN2ZyB3aWR0aD0iMSIgaGVpZ2h0PSIxIiB4bWxucz0iaHR0cDovL3d3dy53My5vcmcvMjAwMC9zdmciPjwvc3ZnPg==\" style=\"--smush-placeholder-width: 819px; --smush-placeholder-aspect-ratio: 819\/1024;\" \/><\/figure><\/div>\t\t\t<\/div>\n\t\t\t\t\t\t\t\t\t\t\t\t<div class=\"elementor-swiper-button elementor-swiper-button-prev\" role=\"button\" tabindex=\"0\">\n\t\t\t\t\t\t<i aria-hidden=\"true\" class=\"eicon-chevron-left\"><\/i>\t\t\t\t\t<\/div>\n\t\t\t\t\t<div class=\"elementor-swiper-button elementor-swiper-button-next\" role=\"button\" tabindex=\"0\">\n\t\t\t\t\t\t<i aria-hidden=\"true\" class=\"eicon-chevron-right\"><\/i>\t\t\t\t\t<\/div>\n\t\t\t\t\n\t\t\t\t\t\t\t\t\t<\/div>\n\t\t\t\t\t\t<\/div>\n\t\t\t\t<\/div>\n\t\t\t\t\t<\/div>\n\t\t<\/div>\n\t\t\t\t\t<\/div>\n\t\t<\/section>\n\t\t\t\t<section class=\"elementor-section elementor-top-section elementor-element elementor-element-89b4cbe elementor-section-boxed elementor-section-height-default elementor-section-height-default\" data-id=\"89b4cbe\" data-element_type=\"section\">\n\t\t\t\t\t\t<div class=\"elementor-container elementor-column-gap-default\">\n\t\t\t\t\t<div class=\"elementor-column elementor-col-100 elementor-top-column elementor-element elementor-element-3de1aa6\" data-id=\"3de1aa6\" data-element_type=\"column\">\n\t\t\t<div class=\"elementor-widget-wrap elementor-element-populated\">\n\t\t\t\t\t\t<div class=\"elementor-element elementor-element-7c54a79 elementor-widget elementor-widget-spacer\" data-id=\"7c54a79\" data-element_type=\"widget\" data-widget_type=\"spacer.default\">\n\t\t\t\t<div class=\"elementor-widget-container\">\n\t\t\t\t\t\t\t<div class=\"elementor-spacer\">\n\t\t\t<div class=\"elementor-spacer-inner\"><\/div>\n\t\t<\/div>\n\t\t\t\t\t\t<\/div>\n\t\t\t\t<\/div>\n\t\t\t\t\t<\/div>\n\t\t<\/div>\n\t\t\t\t\t<\/div>\n\t\t<\/section>\n\t\t\t\t<section class=\"elementor-section elementor-top-section elementor-element elementor-element-40895d2 animated-slow elementor-section-boxed elementor-section-height-default elementor-section-height-default elementor-invisible\" data-id=\"40895d2\" data-element_type=\"section\" data-settings=\"{&quot;background_background&quot;:&quot;classic&quot;,&quot;animation&quot;:&quot;slideInUp&quot;}\">\n\t\t\t\t\t\t\t<div class=\"elementor-background-overlay\"><\/div>\n\t\t\t\t\t\t\t<div class=\"elementor-container elementor-column-gap-default\">\n\t\t\t\t\t<div class=\"elementor-column elementor-col-100 elementor-top-column elementor-element elementor-element-c8c43a9\" data-id=\"c8c43a9\" data-element_type=\"column\">\n\t\t\t<div class=\"elementor-widget-wrap elementor-element-populated\">\n\t\t\t\t\t\t<div class=\"elementor-element elementor-element-39011d6 animated-slow elementor-widget elementor-widget-heading\" data-id=\"39011d6\" data-element_type=\"widget\" data-settings=\"{&quot;_animation&quot;:&quot;none&quot;}\" data-widget_type=\"heading.default\">\n\t\t\t\t<div class=\"elementor-widget-container\">\n\t\t\t\t\t<h1 class=\"elementor-heading-title elementor-size-default\">Perfecta para familias con ni\u00f1os peque\u00f1os gracias a su acceso sin escalones. <\/h1>\t\t\t\t<\/div>\n\t\t\t\t<\/div>\n\t\t\t\t\t<\/div>\n\t\t<\/div>\n\t\t\t\t\t<\/div>\n\t\t<\/section>\n\t\t\t\t<section class=\"elementor-section elementor-top-section elementor-element elementor-element-bc7f683 elementor-section-boxed elementor-section-height-default elementor-section-height-default\" data-id=\"bc7f683\" data-element_type=\"section\">\n\t\t\t\t\t\t<div class=\"elementor-container elementor-column-gap-default\">\n\t\t\t\t\t<div class=\"elementor-column elementor-col-100 elementor-top-column elementor-element elementor-element-b1f03b0\" data-id=\"b1f03b0\" data-element_type=\"column\">\n\t\t\t<div class=\"elementor-widget-wrap elementor-element-populated\">\n\t\t\t\t\t\t<div class=\"elementor-element elementor-element-a2263d5 elementor-widget elementor-widget-spacer\" data-id=\"a2263d5\" data-element_type=\"widget\" data-widget_type=\"spacer.default\">\n\t\t\t\t<div class=\"elementor-widget-container\">\n\t\t\t\t\t\t\t<div class=\"elementor-spacer\">\n\t\t\t<div class=\"elementor-spacer-inner\"><\/div>\n\t\t<\/div>\n\t\t\t\t\t\t<\/div>\n\t\t\t\t<\/div>\n\t\t\t\t\t<\/div>\n\t\t<\/div>\n\t\t\t\t\t<\/div>\n\t\t<\/section>\n\t\t\t\t<section class=\"elementor-section elementor-top-section elementor-element elementor-element-4b1fa0e animated-slow elementor-section-boxed elementor-section-height-default elementor-section-height-default elementor-invisible\" data-id=\"4b1fa0e\" data-element_type=\"section\" data-settings=\"{&quot;background_background&quot;:&quot;classic&quot;,&quot;animation&quot;:&quot;slideInUp&quot;}\">\n\t\t\t\t\t\t<div class=\"elementor-container elementor-column-gap-default\">\n\t\t\t\t\t<div class=\"elementor-column elementor-col-100 elementor-top-column elementor-element elementor-element-3f9ddde\" data-id=\"3f9ddde\" data-element_type=\"column\">\n\t\t\t<div class=\"elementor-widget-wrap elementor-element-populated\">\n\t\t\t\t\t\t<div class=\"elementor-element elementor-element-ae333fb elementor-widget elementor-widget-text-editor\" data-id=\"ae333fb\" data-element_type=\"widget\" data-widget_type=\"text-editor.default\">\n\t\t\t\t<div class=\"elementor-widget-container\">\n\t\t\t\t\t\t\t\t\t<p>Apartamento de una habitaci\u00f3n con sal\u00f3n-comedor, cocina completamente equipada y ba\u00f1o completo. En planta baja, sin escaleras de acceso.<\/p><p>Ideal para familias con ni\u00f1os peque\u00f1os o familias con personas mayores ya que no tiene escaleras de acceso a la casa ni en el interior de esta.<\/p><p>Puedes ver las fotograf\u00edas de la secci\u00f3n de <a href=\"https:\/\/leseresdegatova.es\/index.php\/exteriores\/\">exteriores<\/a>\u00a0para ver las zonas de picnic o barbacoa de las que puedes disfrutar durante tu estancia y <a href=\"https:\/\/leseresdegatova.es\/index.php\/reservas\/\" data-wplink-edit=\"true\">contactar<\/a> con el establecimiento para hacer tu reserva.<\/p>\t\t\t\t\t\t\t\t<\/div>\n\t\t\t\t<\/div>\n\t\t\t\t\t<\/div>\n\t\t<\/div>\n\t\t\t\t\t<\/div>\n\t\t<\/section>\n\t\t\t\t<section class=\"elementor-section elementor-top-section elementor-element elementor-element-ba44ffd elementor-section-boxed elementor-section-height-default elementor-section-height-default\" data-id=\"ba44ffd\" data-element_type=\"section\">\n\t\t\t\t\t\t<div class=\"elementor-container elementor-column-gap-default\">\n\t\t\t\t\t<div class=\"elementor-column elementor-col-100 elementor-top-column elementor-element elementor-element-01cacf1\" data-id=\"01cacf1\" data-element_type=\"column\">\n\t\t\t<div class=\"elementor-widget-wrap elementor-element-populated\">\n\t\t\t\t\t\t<div class=\"elementor-element elementor-element-2f51f12 elementor-widget elementor-widget-spacer\" data-id=\"2f51f12\" data-element_type=\"widget\" data-widget_type=\"spacer.default\">\n\t\t\t\t<div class=\"elementor-widget-container\">\n\t\t\t\t\t\t\t<div class=\"elementor-spacer\">\n\t\t\t<div class=\"elementor-spacer-inner\"><\/div>\n\t\t<\/div>\n\t\t\t\t\t\t<\/div>\n\t\t\t\t<\/div>\n\t\t\t\t\t<\/div>\n\t\t<\/div>\n\t\t\t\t\t<\/div>\n\t\t<\/section>\n\t\t\t\t<section class=\"elementor-section elementor-top-section elementor-element elementor-element-ac4fad0 elementor-section-boxed elementor-section-height-default elementor-section-height-default\" data-id=\"ac4fad0\" data-element_type=\"section\">\n\t\t\t\t\t\t<div class=\"elementor-container elementor-column-gap-default\">\n\t\t\t\t\t<div class=\"elementor-column elementor-col-100 elementor-top-column elementor-element elementor-element-bf98d27\" data-id=\"bf98d27\" data-element_type=\"column\">\n\t\t\t<div class=\"elementor-widget-wrap elementor-element-populated\">\n\t\t\t\t\t\t<div class=\"elementor-element elementor-element-b028094 elementor-widget elementor-widget-heading\" data-id=\"b028094\" data-element_type=\"widget\" data-widget_type=\"heading.default\">\n\t\t\t\t<div class=\"elementor-widget-container\">\n\t\t\t\t\t<h2 class=\"elementor-heading-title elementor-size-default\">M\u00e1s informaci\u00f3n y reservas<\/h2>\t\t\t\t<\/div>\n\t\t\t\t<\/div>\n\t\t\t\t\t<\/div>\n\t\t<\/div>\n\t\t\t\t\t<\/div>\n\t\t<\/section>\n\t\t\t\t<section class=\"elementor-section elementor-top-section elementor-element elementor-element-ab649f4 elementor-section-boxed elementor-section-height-default elementor-section-height-default\" data-id=\"ab649f4\" data-element_type=\"section\">\n\t\t\t\t\t\t<div class=\"elementor-container elementor-column-gap-default\">\n\t\t\t\t\t<div class=\"elementor-column elementor-col-100 elementor-top-column elementor-element elementor-element-48f8d4a\" data-id=\"48f8d4a\" data-element_type=\"column\">\n\t\t\t<div class=\"elementor-widget-wrap elementor-element-populated\">\n\t\t\t\t\t\t<div class=\"elementor-element elementor-element-bfb760b elementor-align-center elementor-widget elementor-widget-button\" data-id=\"bfb760b\" data-element_type=\"widget\" data-widget_type=\"button.default\">\n\t\t\t\t<div class=\"elementor-widget-container\">\n\t\t\t\t\t\t\t\t\t<div class=\"elementor-button-wrapper\">\n\t\t\t\t\t<a class=\"elementor-button elementor-button-link elementor-size-xl elementor-animation-buzz-out\" href=\"https:\/\/leseresdegatova.es\/index.php\/reservas\/\">\n\t\t\t\t\t\t<span class=\"elementor-button-content-wrapper\">\n\t\t\t\t\t\t\t\t\t<span class=\"elementor-button-text\">+34 622541142<\/span>\n\t\t\t\t\t<\/span>\n\t\t\t\t\t<\/a>\n\t\t\t\t<\/div>\n\t\t\t\t\t\t\t\t<\/div>\n\t\t\t\t<\/div>\n\t\t\t\t\t<\/div>\n\t\t<\/div>\n\t\t\t\t\t<\/div>\n\t\t<\/section>\n\t\t\t\t<\/div>\n\t\t","protected":false},"excerpt":{"rendered":"<p>Pie de Le\u00f3n 89 Anterior Siguiente Perfecta para familias con ni\u00f1os peque\u00f1os gracias a su acceso sin escalones. Apartamento de una habitaci\u00f3n con sal\u00f3n-comedor, cocina completamente equipada y ba\u00f1o completo. En planta baja, sin escaleras de acceso. Ideal para familias con ni\u00f1os peque\u00f1os o familias con personas mayores ya que no tiene escaleras de acceso<span class=\"dots\"> &hellip; <\/span><span class=\"link-more\"><a href=\"https:\/\/leseresdegatova.es\/index.php\/pie-de-leon-89\/\" class=\"more-link\">Read more <span class=\"screen-reader-text\">&#8220;Pie de Le\u00f3n 89&#8221;<\/span><\/a><\/span><\/p>\n","protected":false},"author":1,"featured_media":0,"parent":0,"menu_order":0,"comment_status":"closed","ping_status":"closed","template":"","meta":{"_joinchat":[],"footnotes":""},"class_list":["post-44","page","type-page","status-publish","hentry"],"yoast_head":"<!-- This site is optimized with the Yoast SEO plugin v26.5 - https:\/\/yoast.com\/wordpress\/plugins\/seo\/ -->\n<title>Pie de Le\u00f3n 89 &#8211; Alojamientos Rurales Les Eres en G\u00e1tova<\/title>\n<meta name=\"description\" content=\"Gracias a su maravillosa ubicaci\u00f3n el descanso que buscas ya es posible. Vistas privilegiadas, entorno id\u00edlico, naturaleza pura, senderismo...\" \/>\n<meta name=\"robots\" content=\"index, follow, max-snippet:-1, max-image-preview:large, max-video-preview:-1\" \/>\n<link rel=\"canonical\" href=\"https:\/\/leseresdegatova.es\/index.php\/pie-de-leon-89\/\" \/>\n<meta property=\"og:locale\" content=\"en_US\" \/>\n<meta property=\"og:type\" content=\"article\" \/>\n<meta property=\"og:title\" content=\"Pie de Le\u00f3n 89 &#8211; Alojamientos Rurales Les Eres en G\u00e1tova\" \/>\n<meta property=\"og:description\" content=\"Gracias a su maravillosa ubicaci\u00f3n el descanso que buscas ya es posible. Vistas privilegiadas, entorno id\u00edlico, naturaleza pura, senderismo...\" \/>\n<meta property=\"og:url\" content=\"https:\/\/leseresdegatova.es\/index.php\/pie-de-leon-89\/\" \/>\n<meta property=\"og:site_name\" content=\"Les Eres de G\u00e0tova\" \/>\n<meta property=\"article:publisher\" content=\"https:\/\/es-es.facebook.com\/LesEresdeGatova\/\" \/>\n<meta property=\"article:modified_time\" content=\"2022-12-09T23:34:47+00:00\" \/>\n<meta property=\"og:image\" content=\"https:\/\/leseresdegatova.es\/wp-content\/uploads\/2021\/07\/1.2-819x1024.jpg\" \/>\n<meta name=\"twitter:card\" content=\"summary_large_image\" \/>\n<meta name=\"twitter:site\" content=\"@leseresdegatova\" \/>\n<meta name=\"twitter:label1\" content=\"Est. reading time\" \/>\n\t<meta name=\"twitter:data1\" content=\"3 minutes\" \/>\n<script type=\"application\/ld+json\" class=\"yoast-schema-graph\">{\"@context\":\"https:\/\/schema.org\",\"@graph\":[{\"@type\":\"WebPage\",\"@id\":\"https:\/\/leseresdegatova.es\/index.php\/pie-de-leon-89\/\",\"url\":\"https:\/\/leseresdegatova.es\/index.php\/pie-de-leon-89\/\",\"name\":\"Pie de Le\u00f3n 89 &#8211; Alojamientos Rurales Les Eres en G\u00e1tova\",\"isPartOf\":{\"@id\":\"https:\/\/leseresdegatova.es\/#website\"},\"primaryImageOfPage\":{\"@id\":\"https:\/\/leseresdegatova.es\/index.php\/pie-de-leon-89\/#primaryimage\"},\"image\":{\"@id\":\"https:\/\/leseresdegatova.es\/index.php\/pie-de-leon-89\/#primaryimage\"},\"thumbnailUrl\":\"https:\/\/leseresdegatova.es\/wp-content\/uploads\/2021\/07\/1.2-819x1024.jpg\",\"datePublished\":\"2021-07-16T03:48:10+00:00\",\"dateModified\":\"2022-12-09T23:34:47+00:00\",\"description\":\"Gracias a su maravillosa ubicaci\u00f3n el descanso que buscas ya es posible. Vistas privilegiadas, entorno id\u00edlico, naturaleza pura, senderismo...\",\"breadcrumb\":{\"@id\":\"https:\/\/leseresdegatova.es\/index.php\/pie-de-leon-89\/#breadcrumb\"},\"inLanguage\":\"en-US\",\"potentialAction\":[{\"@type\":\"ReadAction\",\"target\":[\"https:\/\/leseresdegatova.es\/index.php\/pie-de-leon-89\/\"]}]},{\"@type\":\"ImageObject\",\"inLanguage\":\"en-US\",\"@id\":\"https:\/\/leseresdegatova.es\/index.php\/pie-de-leon-89\/#primaryimage\",\"url\":\"https:\/\/leseresdegatova.es\/wp-content\/uploads\/2021\/07\/1.2.jpg\",\"contentUrl\":\"https:\/\/leseresdegatova.es\/wp-content\/uploads\/2021\/07\/1.2.jpg\",\"width\":1959,\"height\":2448},{\"@type\":\"BreadcrumbList\",\"@id\":\"https:\/\/leseresdegatova.es\/index.php\/pie-de-leon-89\/#breadcrumb\",\"itemListElement\":[{\"@type\":\"ListItem\",\"position\":1,\"name\":\"INICIO\",\"item\":\"https:\/\/leseresdegatova.es\/\"},{\"@type\":\"ListItem\",\"position\":2,\"name\":\"Pie de Le\u00f3n 89\"}]},{\"@type\":\"WebSite\",\"@id\":\"https:\/\/leseresdegatova.es\/#website\",\"url\":\"https:\/\/leseresdegatova.es\/\",\"name\":\"Les Eres de G\u00e0tova\",\"description\":\"Alojamientos Rurales\",\"publisher\":{\"@id\":\"https:\/\/leseresdegatova.es\/#organization\"},\"potentialAction\":[{\"@type\":\"SearchAction\",\"target\":{\"@type\":\"EntryPoint\",\"urlTemplate\":\"https:\/\/leseresdegatova.es\/?s={search_term_string}\"},\"query-input\":{\"@type\":\"PropertyValueSpecification\",\"valueRequired\":true,\"valueName\":\"search_term_string\"}}],\"inLanguage\":\"en-US\"},{\"@type\":\"Organization\",\"@id\":\"https:\/\/leseresdegatova.es\/#organization\",\"name\":\"LES ERES DE G\u00c0TOVA\",\"url\":\"https:\/\/leseresdegatova.es\/\",\"logo\":{\"@type\":\"ImageObject\",\"inLanguage\":\"en-US\",\"@id\":\"https:\/\/leseresdegatova.es\/#\/schema\/logo\/image\/\",\"url\":\"https:\/\/leseresdegatova.es\/wp-content\/uploads\/2021\/07\/logo-nuevo-web.png\",\"contentUrl\":\"https:\/\/leseresdegatova.es\/wp-content\/uploads\/2021\/07\/logo-nuevo-web.png\",\"width\":421,\"height\":142,\"caption\":\"LES ERES DE G\u00c0TOVA\"},\"image\":{\"@id\":\"https:\/\/leseresdegatova.es\/#\/schema\/logo\/image\/\"},\"sameAs\":[\"https:\/\/es-es.facebook.com\/LesEresdeGatova\/\",\"https:\/\/x.com\/leseresdegatova\",\"https:\/\/www.instagram.com\/leseresdegatova\/?hl=es\",\"https:\/\/www.youtube.com\/channel\/UCu9N1mH9qSxLCLQ4fe2YODg\"]}]}<\/script>\n<!-- \/ Yoast SEO plugin. -->","yoast_head_json":{"title":"Pie de Le\u00f3n 89 &#8211; Alojamientos Rurales Les Eres en G\u00e1tova","description":"Gracias a su maravillosa ubicaci\u00f3n el descanso que buscas ya es posible. Vistas privilegiadas, entorno id\u00edlico, naturaleza pura, senderismo...","robots":{"index":"index","follow":"follow","max-snippet":"max-snippet:-1","max-image-preview":"max-image-preview:large","max-video-preview":"max-video-preview:-1"},"canonical":"https:\/\/leseresdegatova.es\/index.php\/pie-de-leon-89\/","og_locale":"en_US","og_type":"article","og_title":"Pie de Le\u00f3n 89 &#8211; Alojamientos Rurales Les Eres en G\u00e1tova","og_description":"Gracias a su maravillosa ubicaci\u00f3n el descanso que buscas ya es posible. Vistas privilegiadas, entorno id\u00edlico, naturaleza pura, senderismo...","og_url":"https:\/\/leseresdegatova.es\/index.php\/pie-de-leon-89\/","og_site_name":"Les Eres de G\u00e0tova","article_publisher":"https:\/\/es-es.facebook.com\/LesEresdeGatova\/","article_modified_time":"2022-12-09T23:34:47+00:00","og_image":[{"url":"https:\/\/leseresdegatova.es\/wp-content\/uploads\/2021\/07\/1.2-819x1024.jpg","type":"","width":"","height":""}],"twitter_card":"summary_large_image","twitter_site":"@leseresdegatova","twitter_misc":{"Est. reading time":"3 minutes"},"schema":{"@context":"https:\/\/schema.org","@graph":[{"@type":"WebPage","@id":"https:\/\/leseresdegatova.es\/index.php\/pie-de-leon-89\/","url":"https:\/\/leseresdegatova.es\/index.php\/pie-de-leon-89\/","name":"Pie de Le\u00f3n 89 &#8211; Alojamientos Rurales Les Eres en G\u00e1tova","isPartOf":{"@id":"https:\/\/leseresdegatova.es\/#website"},"primaryImageOfPage":{"@id":"https:\/\/leseresdegatova.es\/index.php\/pie-de-leon-89\/#primaryimage"},"image":{"@id":"https:\/\/leseresdegatova.es\/index.php\/pie-de-leon-89\/#primaryimage"},"thumbnailUrl":"https:\/\/leseresdegatova.es\/wp-content\/uploads\/2021\/07\/1.2-819x1024.jpg","datePublished":"2021-07-16T03:48:10+00:00","dateModified":"2022-12-09T23:34:47+00:00","description":"Gracias a su maravillosa ubicaci\u00f3n el descanso que buscas ya es posible. Vistas privilegiadas, entorno id\u00edlico, naturaleza pura, senderismo...","breadcrumb":{"@id":"https:\/\/leseresdegatova.es\/index.php\/pie-de-leon-89\/#breadcrumb"},"inLanguage":"en-US","potentialAction":[{"@type":"ReadAction","target":["https:\/\/leseresdegatova.es\/index.php\/pie-de-leon-89\/"]}]},{"@type":"ImageObject","inLanguage":"en-US","@id":"https:\/\/leseresdegatova.es\/index.php\/pie-de-leon-89\/#primaryimage","url":"https:\/\/leseresdegatova.es\/wp-content\/uploads\/2021\/07\/1.2.jpg","contentUrl":"https:\/\/leseresdegatova.es\/wp-content\/uploads\/2021\/07\/1.2.jpg","width":1959,"height":2448},{"@type":"BreadcrumbList","@id":"https:\/\/leseresdegatova.es\/index.php\/pie-de-leon-89\/#breadcrumb","itemListElement":[{"@type":"ListItem","position":1,"name":"INICIO","item":"https:\/\/leseresdegatova.es\/"},{"@type":"ListItem","position":2,"name":"Pie de Le\u00f3n 89"}]},{"@type":"WebSite","@id":"https:\/\/leseresdegatova.es\/#website","url":"https:\/\/leseresdegatova.es\/","name":"Les Eres de G\u00e0tova","description":"Alojamientos Rurales","publisher":{"@id":"https:\/\/leseresdegatova.es\/#organization"},"potentialAction":[{"@type":"SearchAction","target":{"@type":"EntryPoint","urlTemplate":"https:\/\/leseresdegatova.es\/?s={search_term_string}"},"query-input":{"@type":"PropertyValueSpecification","valueRequired":true,"valueName":"search_term_string"}}],"inLanguage":"en-US"},{"@type":"Organization","@id":"https:\/\/leseresdegatova.es\/#organization","name":"LES ERES DE G\u00c0TOVA","url":"https:\/\/leseresdegatova.es\/","logo":{"@type":"ImageObject","inLanguage":"en-US","@id":"https:\/\/leseresdegatova.es\/#\/schema\/logo\/image\/","url":"https:\/\/leseresdegatova.es\/wp-content\/uploads\/2021\/07\/logo-nuevo-web.png","contentUrl":"https:\/\/leseresdegatova.es\/wp-content\/uploads\/2021\/07\/logo-nuevo-web.png","width":421,"height":142,"caption":"LES ERES DE G\u00c0TOVA"},"image":{"@id":"https:\/\/leseresdegatova.es\/#\/schema\/logo\/image\/"},"sameAs":["https:\/\/es-es.facebook.com\/LesEresdeGatova\/","https:\/\/x.com\/leseresdegatova","https:\/\/www.instagram.com\/leseresdegatova\/?hl=es","https:\/\/www.youtube.com\/channel\/UCu9N1mH9qSxLCLQ4fe2YODg"]}]}},"_links":{"self":[{"href":"https:\/\/leseresdegatova.es\/index.php\/wp-json\/wp\/v2\/pages\/44","targetHints":{"allow":["GET"]}}],"collection":[{"href":"https:\/\/leseresdegatova.es\/index.php\/wp-json\/wp\/v2\/pages"}],"about":[{"href":"https:\/\/leseresdegatova.es\/index.php\/wp-json\/wp\/v2\/types\/page"}],"author":[{"embeddable":true,"href":"https:\/\/leseresdegatova.es\/index.php\/wp-json\/wp\/v2\/users\/1"}],"replies":[{"embeddable":true,"href":"https:\/\/leseresdegatova.es\/index.php\/wp-json\/wp\/v2\/comments?post=44"}],"version-history":[{"count":70,"href":"https:\/\/leseresdegatova.es\/index.php\/wp-json\/wp\/v2\/pages\/44\/revisions"}],"predecessor-version":[{"id":1281,"href":"https:\/\/leseresdegatova.es\/index.php\/wp-json\/wp\/v2\/pages\/44\/revisions\/1281"}],"wp:attachment":[{"href":"https:\/\/leseresdegatova.es\/index.php\/wp-json\/wp\/v2\/media?parent=44"}],"curies":[{"name":"wp","href":"https:\/\/api.w.org\/{rel}","templated":true}]}}