{"id":53,"date":"2021-07-16T12:22:07","date_gmt":"2021-07-16T12:22:07","guid":{"rendered":"https:\/\/leseresdegatova.es\/?page_id=53"},"modified":"2022-12-09T23:29:50","modified_gmt":"2022-12-09T23:29:50","slug":"enamorate-de-la-vida-rural","status":"publish","type":"page","link":"https:\/\/leseresdegatova.es\/index.php\/enamorate-de-la-vida-rural\/","title":{"rendered":"Manzanilla 81"},"content":{"rendered":"\t\t<div data-elementor-type=\"wp-page\" data-elementor-id=\"53\" class=\"elementor elementor-53\">\n\t\t\t\t\t\t<section class=\"elementor-section elementor-top-section elementor-element elementor-element-710bcb9 elementor-section-boxed elementor-section-height-default elementor-section-height-default\" data-id=\"710bcb9\" data-element_type=\"section\">\n\t\t\t\t\t\t<div class=\"elementor-container elementor-column-gap-default\">\n\t\t\t\t\t<div class=\"elementor-column elementor-col-100 elementor-top-column elementor-element elementor-element-174b632\" data-id=\"174b632\" data-element_type=\"column\">\n\t\t\t<div class=\"elementor-widget-wrap elementor-element-populated\">\n\t\t\t\t\t\t<div class=\"elementor-element elementor-element-c1df4d4 animated-slow elementor-invisible elementor-widget elementor-widget-heading\" data-id=\"c1df4d4\" data-element_type=\"widget\" data-settings=\"{&quot;_animation&quot;:&quot;zoomIn&quot;}\" data-widget_type=\"heading.default\">\n\t\t\t\t<div class=\"elementor-widget-container\">\n\t\t\t\t\t<h4 class=\"elementor-heading-title elementor-size-default\">Manzanilla 81<\/h4>\t\t\t\t<\/div>\n\t\t\t\t<\/div>\n\t\t\t\t<div class=\"elementor-element elementor-element-048c02d animated-slow elementor-arrows-position-inside elementor-invisible elementor-widget elementor-widget-image-carousel\" data-id=\"048c02d\" data-element_type=\"widget\" data-settings=\"{&quot;slides_to_show&quot;:&quot;2&quot;,&quot;slides_to_scroll&quot;:&quot;1&quot;,&quot;navigation&quot;:&quot;arrows&quot;,&quot;image_spacing_custom&quot;:{&quot;unit&quot;:&quot;px&quot;,&quot;size&quot;:34,&quot;sizes&quot;:[]},&quot;_animation&quot;:&quot;zoomIn&quot;,&quot;autoplay&quot;:&quot;yes&quot;,&quot;pause_on_hover&quot;:&quot;yes&quot;,&quot;pause_on_interaction&quot;:&quot;yes&quot;,&quot;autoplay_speed&quot;:5000,&quot;infinite&quot;:&quot;yes&quot;,&quot;speed&quot;:500,&quot;image_spacing_custom_tablet&quot;:{&quot;unit&quot;:&quot;px&quot;,&quot;size&quot;:&quot;&quot;,&quot;sizes&quot;:[]},&quot;image_spacing_custom_mobile&quot;:{&quot;unit&quot;:&quot;px&quot;,&quot;size&quot;:&quot;&quot;,&quot;sizes&quot;:[]}}\" data-widget_type=\"image-carousel.default\">\n\t\t\t\t<div class=\"elementor-widget-container\">\n\t\t\t\t\t\t\t<div class=\"elementor-image-carousel-wrapper swiper\" role=\"region\" aria-roledescription=\"carousel\" aria-label=\"Image Carousel\" dir=\"ltr\">\n\t\t\t<div class=\"elementor-image-carousel swiper-wrapper\" aria-live=\"off\">\n\t\t\t\t\t\t\t\t<div class=\"swiper-slide\" role=\"group\" aria-roledescription=\"slide\" aria-label=\"1 of 5\"><figure class=\"swiper-slide-inner\"><img decoding=\"async\" class=\"swiper-slide-image lazyload\" data-src=\"https:\/\/leseresdegatova.es\/wp-content\/uploads\/2021\/07\/IMG_20210720_114359-2-768x960.jpg\" alt=\"IMG_20210720_114359 (2)\" src=\"data:image\/svg+xml;base64,PHN2ZyB3aWR0aD0iMSIgaGVpZ2h0PSIxIiB4bWxucz0iaHR0cDovL3d3dy53My5vcmcvMjAwMC9zdmciPjwvc3ZnPg==\" style=\"--smush-placeholder-width: 768px; --smush-placeholder-aspect-ratio: 768\/960;\" \/><\/figure><\/div><div class=\"swiper-slide\" role=\"group\" aria-roledescription=\"slide\" aria-label=\"2 of 5\"><figure class=\"swiper-slide-inner\"><img decoding=\"async\" class=\"swiper-slide-image lazyload\" data-src=\"https:\/\/leseresdegatova.es\/wp-content\/uploads\/2021\/07\/IMG_20210720_115127-2-768x960.jpg\" alt=\"IMG_20210720_115127 (2)\" src=\"data:image\/svg+xml;base64,PHN2ZyB3aWR0aD0iMSIgaGVpZ2h0PSIxIiB4bWxucz0iaHR0cDovL3d3dy53My5vcmcvMjAwMC9zdmciPjwvc3ZnPg==\" style=\"--smush-placeholder-width: 768px; --smush-placeholder-aspect-ratio: 768\/960;\" \/><\/figure><\/div><div class=\"swiper-slide\" role=\"group\" aria-roledescription=\"slide\" aria-label=\"3 of 5\"><figure class=\"swiper-slide-inner\"><img decoding=\"async\" class=\"swiper-slide-image lazyload\" data-src=\"https:\/\/leseresdegatova.es\/wp-content\/uploads\/2021\/07\/salon-3.jpeg\" alt=\"salon (3)\" src=\"data:image\/svg+xml;base64,PHN2ZyB3aWR0aD0iMSIgaGVpZ2h0PSIxIiB4bWxucz0iaHR0cDovL3d3dy53My5vcmcvMjAwMC9zdmciPjwvc3ZnPg==\" style=\"--smush-placeholder-width: 718px; --smush-placeholder-aspect-ratio: 718\/899;\" \/><\/figure><\/div><div class=\"swiper-slide\" role=\"group\" aria-roledescription=\"slide\" aria-label=\"4 of 5\"><figure class=\"swiper-slide-inner\"><img decoding=\"async\" class=\"swiper-slide-image lazyload\" data-src=\"https:\/\/leseresdegatova.es\/wp-content\/uploads\/2021\/07\/hab-3-768x960.jpeg\" alt=\"hab (3)\" src=\"data:image\/svg+xml;base64,PHN2ZyB3aWR0aD0iMSIgaGVpZ2h0PSIxIiB4bWxucz0iaHR0cDovL3d3dy53My5vcmcvMjAwMC9zdmciPjwvc3ZnPg==\" style=\"--smush-placeholder-width: 768px; --smush-placeholder-aspect-ratio: 768\/960;\" \/><\/figure><\/div><div class=\"swiper-slide\" role=\"group\" aria-roledescription=\"slide\" aria-label=\"5 of 5\"><figure class=\"swiper-slide-inner\"><img decoding=\"async\" class=\"swiper-slide-image lazyload\" data-src=\"https:\/\/leseresdegatova.es\/wp-content\/uploads\/2021\/07\/hab-2-5.jpeg\" alt=\"hab 2 (5)\" src=\"data:image\/svg+xml;base64,PHN2ZyB3aWR0aD0iMSIgaGVpZ2h0PSIxIiB4bWxucz0iaHR0cDovL3d3dy53My5vcmcvMjAwMC9zdmciPjwvc3ZnPg==\" style=\"--smush-placeholder-width: 673px; --smush-placeholder-aspect-ratio: 673\/841;\" \/><\/figure><\/div>\t\t\t<\/div>\n\t\t\t\t\t\t\t\t\t\t\t\t<div class=\"elementor-swiper-button elementor-swiper-button-prev\" role=\"button\" tabindex=\"0\">\n\t\t\t\t\t\t<i aria-hidden=\"true\" class=\"eicon-chevron-left\"><\/i>\t\t\t\t\t<\/div>\n\t\t\t\t\t<div class=\"elementor-swiper-button elementor-swiper-button-next\" role=\"button\" tabindex=\"0\">\n\t\t\t\t\t\t<i aria-hidden=\"true\" class=\"eicon-chevron-right\"><\/i>\t\t\t\t\t<\/div>\n\t\t\t\t\n\t\t\t\t\t\t\t\t\t<\/div>\n\t\t\t\t\t\t<\/div>\n\t\t\t\t<\/div>\n\t\t\t\t\t<\/div>\n\t\t<\/div>\n\t\t\t\t\t<\/div>\n\t\t<\/section>\n\t\t\t\t<section class=\"elementor-section elementor-top-section elementor-element elementor-element-abaffba elementor-section-boxed elementor-section-height-default elementor-section-height-default\" data-id=\"abaffba\" data-element_type=\"section\">\n\t\t\t\t\t\t<div class=\"elementor-container elementor-column-gap-default\">\n\t\t\t\t\t<div class=\"elementor-column elementor-col-100 elementor-top-column elementor-element elementor-element-465986f\" data-id=\"465986f\" data-element_type=\"column\">\n\t\t\t<div class=\"elementor-widget-wrap elementor-element-populated\">\n\t\t\t\t\t\t<div class=\"elementor-element elementor-element-12a377f elementor-widget elementor-widget-spacer\" data-id=\"12a377f\" data-element_type=\"widget\" data-widget_type=\"spacer.default\">\n\t\t\t\t<div class=\"elementor-widget-container\">\n\t\t\t\t\t\t\t<div class=\"elementor-spacer\">\n\t\t\t<div class=\"elementor-spacer-inner\"><\/div>\n\t\t<\/div>\n\t\t\t\t\t\t<\/div>\n\t\t\t\t<\/div>\n\t\t\t\t\t<\/div>\n\t\t<\/div>\n\t\t\t\t\t<\/div>\n\t\t<\/section>\n\t\t\t\t<section class=\"elementor-section elementor-top-section elementor-element elementor-element-8793152 animated-slow elementor-section-boxed elementor-section-height-default elementor-section-height-default elementor-invisible\" data-id=\"8793152\" data-element_type=\"section\" data-settings=\"{&quot;background_background&quot;:&quot;classic&quot;,&quot;animation&quot;:&quot;slideInUp&quot;}\">\n\t\t\t\t\t\t\t<div class=\"elementor-background-overlay\"><\/div>\n\t\t\t\t\t\t\t<div class=\"elementor-container elementor-column-gap-default\">\n\t\t\t\t\t<div class=\"elementor-column elementor-col-100 elementor-top-column elementor-element elementor-element-8ff721b\" data-id=\"8ff721b\" data-element_type=\"column\">\n\t\t\t<div class=\"elementor-widget-wrap elementor-element-populated\">\n\t\t\t\t\t\t<div class=\"elementor-element elementor-element-0417781 elementor-widget elementor-widget-heading\" data-id=\"0417781\" data-element_type=\"widget\" data-widget_type=\"heading.default\">\n\t\t\t\t<div class=\"elementor-widget-container\">\n\t\t\t\t\t<h2 class=\"elementor-heading-title elementor-size-default\">Ideal para sorprender a tu familia o estancia de relax<\/h2>\t\t\t\t<\/div>\n\t\t\t\t<\/div>\n\t\t\t\t\t<\/div>\n\t\t<\/div>\n\t\t\t\t\t<\/div>\n\t\t<\/section>\n\t\t\t\t<section class=\"elementor-section elementor-top-section elementor-element elementor-element-f9d8255 elementor-section-boxed elementor-section-height-default elementor-section-height-default\" data-id=\"f9d8255\" data-element_type=\"section\">\n\t\t\t\t\t\t<div class=\"elementor-container elementor-column-gap-default\">\n\t\t\t\t\t<div class=\"elementor-column elementor-col-100 elementor-top-column elementor-element elementor-element-f9dae82\" data-id=\"f9dae82\" data-element_type=\"column\">\n\t\t\t<div class=\"elementor-widget-wrap elementor-element-populated\">\n\t\t\t\t\t\t<div class=\"elementor-element elementor-element-b42db16 elementor-widget elementor-widget-spacer\" data-id=\"b42db16\" data-element_type=\"widget\" data-widget_type=\"spacer.default\">\n\t\t\t\t<div class=\"elementor-widget-container\">\n\t\t\t\t\t\t\t<div class=\"elementor-spacer\">\n\t\t\t<div class=\"elementor-spacer-inner\"><\/div>\n\t\t<\/div>\n\t\t\t\t\t\t<\/div>\n\t\t\t\t<\/div>\n\t\t\t\t\t<\/div>\n\t\t<\/div>\n\t\t\t\t\t<\/div>\n\t\t<\/section>\n\t\t\t\t<section class=\"elementor-section elementor-top-section elementor-element elementor-element-f47f4af animated-slow elementor-section-boxed elementor-section-height-default elementor-section-height-default elementor-invisible\" data-id=\"f47f4af\" data-element_type=\"section\" data-settings=\"{&quot;background_background&quot;:&quot;classic&quot;,&quot;animation&quot;:&quot;slideInUp&quot;}\">\n\t\t\t\t\t\t<div class=\"elementor-container elementor-column-gap-default\">\n\t\t\t\t\t<div class=\"elementor-column elementor-col-100 elementor-top-column elementor-element elementor-element-ec0dc63\" data-id=\"ec0dc63\" data-element_type=\"column\">\n\t\t\t<div class=\"elementor-widget-wrap elementor-element-populated\">\n\t\t\t\t\t\t<div class=\"elementor-element elementor-element-96f8931 elementor-widget elementor-widget-text-editor\" data-id=\"96f8931\" data-element_type=\"widget\" data-widget_type=\"text-editor.default\">\n\t\t\t\t<div class=\"elementor-widget-container\">\n\t\t\t\t\t\t\t\t\t<p>Casa preciosa y acogedora de dos dormitorios, sal\u00f3n-comedor, cocina completamente equipada y ba\u00f1o completo.<\/p><p>Casa ubicada en una de las partes altas del pueblo que hace que cuente con unas vistas preciosas a las monta\u00f1as y al valle del carraixet.<\/p><p>Esta casa tiene muros de piedra de rodeno y techos altos de madera sin fin. Se accede desde una calle peatonal ajardinada.\u00a0<\/p><p><strong>C<\/strong><strong>on tu reserva podr\u00e1s disfrutar de las zonas exteriores de uso comunitario para clientes.\u00a0<\/strong><\/p><p><strong>Disponemos de las zonas:<\/strong><\/p><p><strong>&#8211; Zona de picnic\u00a0<\/strong><b>p\u00e9rgola<\/b><br \/><strong>&#8211; Zona de picnic + BBQ<\/strong><br \/><strong>&#8211; Zona paellero<\/strong><br \/><strong>&#8211; Zona piscina<\/strong><\/p><p>Puedes ver las fotograf\u00edas en la secci\u00f3n de\u00a0<a href=\"https:\/\/leseresdegatova.es\/index.php\/exteriores\/\">exteriores<\/a>\u00a0y\u00a0<a href=\"https:\/\/leseresdegatova.es\/index.php\/reservas\/\">contactar<\/a>\u00a0con el establecimiento para hacer tu reserva.<\/p>\t\t\t\t\t\t\t\t<\/div>\n\t\t\t\t<\/div>\n\t\t\t\t\t<\/div>\n\t\t<\/div>\n\t\t\t\t\t<\/div>\n\t\t<\/section>\n\t\t\t\t<section class=\"elementor-section elementor-top-section elementor-element elementor-element-3133101 elementor-section-boxed elementor-section-height-default elementor-section-height-default\" data-id=\"3133101\" data-element_type=\"section\">\n\t\t\t\t\t\t<div class=\"elementor-container elementor-column-gap-default\">\n\t\t\t\t\t<div class=\"elementor-column elementor-col-100 elementor-top-column elementor-element elementor-element-1b20ddf\" data-id=\"1b20ddf\" data-element_type=\"column\">\n\t\t\t<div class=\"elementor-widget-wrap elementor-element-populated\">\n\t\t\t\t\t\t<div class=\"elementor-element elementor-element-cc7b4bc elementor-widget elementor-widget-spacer\" data-id=\"cc7b4bc\" data-element_type=\"widget\" data-widget_type=\"spacer.default\">\n\t\t\t\t<div class=\"elementor-widget-container\">\n\t\t\t\t\t\t\t<div class=\"elementor-spacer\">\n\t\t\t<div class=\"elementor-spacer-inner\"><\/div>\n\t\t<\/div>\n\t\t\t\t\t\t<\/div>\n\t\t\t\t<\/div>\n\t\t\t\t\t<\/div>\n\t\t<\/div>\n\t\t\t\t\t<\/div>\n\t\t<\/section>\n\t\t\t\t<section class=\"elementor-section elementor-top-section elementor-element elementor-element-d3dfe80 elementor-section-boxed elementor-section-height-default elementor-section-height-default\" data-id=\"d3dfe80\" data-element_type=\"section\">\n\t\t\t\t\t\t<div class=\"elementor-container elementor-column-gap-default\">\n\t\t\t\t\t<div class=\"elementor-column elementor-col-100 elementor-top-column elementor-element elementor-element-a7549f7\" data-id=\"a7549f7\" data-element_type=\"column\">\n\t\t\t<div class=\"elementor-widget-wrap elementor-element-populated\">\n\t\t\t\t\t\t<div class=\"elementor-element elementor-element-e56d7d2 elementor-widget elementor-widget-heading\" data-id=\"e56d7d2\" data-element_type=\"widget\" data-widget_type=\"heading.default\">\n\t\t\t\t<div class=\"elementor-widget-container\">\n\t\t\t\t\t<h2 class=\"elementor-heading-title elementor-size-default\">Mas informaci\u00f3n y reserva<\/h2>\t\t\t\t<\/div>\n\t\t\t\t<\/div>\n\t\t\t\t\t<\/div>\n\t\t<\/div>\n\t\t\t\t\t<\/div>\n\t\t<\/section>\n\t\t\t\t<section class=\"elementor-section elementor-top-section elementor-element elementor-element-dc7bec7 elementor-section-boxed elementor-section-height-default elementor-section-height-default\" data-id=\"dc7bec7\" data-element_type=\"section\" data-settings=\"{&quot;background_background&quot;:&quot;classic&quot;}\">\n\t\t\t\t\t\t<div class=\"elementor-container elementor-column-gap-default\">\n\t\t\t\t\t<div class=\"elementor-column elementor-col-100 elementor-top-column elementor-element elementor-element-34a4fd8\" data-id=\"34a4fd8\" data-element_type=\"column\">\n\t\t\t<div class=\"elementor-widget-wrap elementor-element-populated\">\n\t\t\t\t\t\t<div class=\"elementor-element elementor-element-fa0c1c5 elementor-align-center elementor-widget elementor-widget-button\" data-id=\"fa0c1c5\" data-element_type=\"widget\" data-widget_type=\"button.default\">\n\t\t\t\t<div class=\"elementor-widget-container\">\n\t\t\t\t\t\t\t\t\t<div class=\"elementor-button-wrapper\">\n\t\t\t\t\t<a class=\"elementor-button elementor-button-link elementor-size-xl elementor-animation-buzz-out\" href=\"https:\/\/leseresdegatova.es\/index.php\/reservas\/\">\n\t\t\t\t\t\t<span class=\"elementor-button-content-wrapper\">\n\t\t\t\t\t\t\t\t\t<span class=\"elementor-button-text\">+34 622541142<\/span>\n\t\t\t\t\t<\/span>\n\t\t\t\t\t<\/a>\n\t\t\t\t<\/div>\n\t\t\t\t\t\t\t\t<\/div>\n\t\t\t\t<\/div>\n\t\t\t\t\t<\/div>\n\t\t<\/div>\n\t\t\t\t\t<\/div>\n\t\t<\/section>\n\t\t\t\t<\/div>\n\t\t","protected":false},"excerpt":{"rendered":"<p>Manzanilla 81 Anterior Siguiente Ideal para sorprender a tu familia o estancia de relax Casa preciosa y acogedora de dos dormitorios, sal\u00f3n-comedor, cocina completamente equipada y ba\u00f1o completo. Casa ubicada en una de las partes altas del pueblo que hace que cuente con unas vistas preciosas a las monta\u00f1as y al valle del carraixet. Esta<span class=\"dots\"> &hellip; <\/span><span class=\"link-more\"><a href=\"https:\/\/leseresdegatova.es\/index.php\/enamorate-de-la-vida-rural\/\" class=\"more-link\">Read more <span class=\"screen-reader-text\">&#8220;Manzanilla 81&#8221;<\/span><\/a><\/span><\/p>\n","protected":false},"author":1,"featured_media":0,"parent":0,"menu_order":0,"comment_status":"closed","ping_status":"closed","template":"","meta":{"_joinchat":[],"footnotes":""},"class_list":["post-53","page","type-page","status-publish","hentry"],"yoast_head":"<!-- This site is optimized with the Yoast SEO plugin v26.5 - https:\/\/yoast.com\/wordpress\/plugins\/seo\/ -->\n<title>Manzanilla 81 - Alojamientos Rurales Les Eres en G\u00e1tova<\/title>\n<meta name=\"description\" content=\"Manzanilla 81 Anterior Siguiente Ideal para sorprender a tu familia o estancia de relax Casa preciosa y acogedora de dos dormitorios, sal\u00f3n-comedor, su maravillosa ubicaci\u00f3n te permitira el descanso que buscas. Vistas privilegiadas, entorno id\u00edlico, naturaleza pura, senderismo...\" \/>\n<meta name=\"robots\" content=\"index, follow, max-snippet:-1, max-image-preview:large, max-video-preview:-1\" \/>\n<link rel=\"canonical\" href=\"https:\/\/leseresdegatova.es\/index.php\/enamorate-de-la-vida-rural\/\" \/>\n<meta property=\"og:locale\" content=\"en_US\" \/>\n<meta property=\"og:type\" content=\"article\" \/>\n<meta property=\"og:title\" content=\"Manzanilla 81 - Alojamientos Rurales Les Eres en G\u00e1tova\" \/>\n<meta property=\"og:description\" content=\"Manzanilla 81 Anterior Siguiente Ideal para sorprender a tu familia o estancia de relax Casa preciosa y acogedora de dos dormitorios, sal\u00f3n-comedor, su maravillosa ubicaci\u00f3n te permitira el descanso que buscas. Vistas privilegiadas, entorno id\u00edlico, naturaleza pura, senderismo...\" \/>\n<meta property=\"og:url\" content=\"https:\/\/leseresdegatova.es\/index.php\/enamorate-de-la-vida-rural\/\" \/>\n<meta property=\"og:site_name\" content=\"Les Eres de G\u00e0tova\" \/>\n<meta property=\"article:publisher\" content=\"https:\/\/es-es.facebook.com\/LesEresdeGatova\/\" \/>\n<meta property=\"article:modified_time\" content=\"2022-12-09T23:29:50+00:00\" \/>\n<meta property=\"og:image\" content=\"https:\/\/leseresdegatova.es\/wp-content\/uploads\/2021\/07\/IMG_20210720_114359-2-768x960.jpg\" \/>\n<meta name=\"twitter:card\" content=\"summary_large_image\" \/>\n<meta name=\"twitter:site\" content=\"@leseresdegatova\" \/>\n<meta name=\"twitter:label1\" content=\"Est. reading time\" \/>\n\t<meta name=\"twitter:data1\" content=\"3 minutes\" \/>\n<script type=\"application\/ld+json\" class=\"yoast-schema-graph\">{\"@context\":\"https:\/\/schema.org\",\"@graph\":[{\"@type\":\"WebPage\",\"@id\":\"https:\/\/leseresdegatova.es\/index.php\/enamorate-de-la-vida-rural\/\",\"url\":\"https:\/\/leseresdegatova.es\/index.php\/enamorate-de-la-vida-rural\/\",\"name\":\"Manzanilla 81 - Alojamientos Rurales Les Eres en G\u00e1tova\",\"isPartOf\":{\"@id\":\"https:\/\/leseresdegatova.es\/#website\"},\"primaryImageOfPage\":{\"@id\":\"https:\/\/leseresdegatova.es\/index.php\/enamorate-de-la-vida-rural\/#primaryimage\"},\"image\":{\"@id\":\"https:\/\/leseresdegatova.es\/index.php\/enamorate-de-la-vida-rural\/#primaryimage\"},\"thumbnailUrl\":\"https:\/\/leseresdegatova.es\/wp-content\/uploads\/2021\/07\/IMG_20210720_114359-2-768x960.jpg\",\"datePublished\":\"2021-07-16T12:22:07+00:00\",\"dateModified\":\"2022-12-09T23:29:50+00:00\",\"description\":\"Manzanilla 81 Anterior Siguiente Ideal para sorprender a tu familia o estancia de relax Casa preciosa y acogedora de dos dormitorios, sal\u00f3n-comedor, su maravillosa ubicaci\u00f3n te permitira el descanso que buscas. Vistas privilegiadas, entorno id\u00edlico, naturaleza pura, senderismo...\",\"breadcrumb\":{\"@id\":\"https:\/\/leseresdegatova.es\/index.php\/enamorate-de-la-vida-rural\/#breadcrumb\"},\"inLanguage\":\"en-US\",\"potentialAction\":[{\"@type\":\"ReadAction\",\"target\":[\"https:\/\/leseresdegatova.es\/index.php\/enamorate-de-la-vida-rural\/\"]}]},{\"@type\":\"ImageObject\",\"inLanguage\":\"en-US\",\"@id\":\"https:\/\/leseresdegatova.es\/index.php\/enamorate-de-la-vida-rural\/#primaryimage\",\"url\":\"https:\/\/leseresdegatova.es\/wp-content\/uploads\/2021\/07\/IMG_20210720_114359-2.jpg\",\"contentUrl\":\"https:\/\/leseresdegatova.es\/wp-content\/uploads\/2021\/07\/IMG_20210720_114359-2.jpg\",\"width\":1203,\"height\":1503},{\"@type\":\"BreadcrumbList\",\"@id\":\"https:\/\/leseresdegatova.es\/index.php\/enamorate-de-la-vida-rural\/#breadcrumb\",\"itemListElement\":[{\"@type\":\"ListItem\",\"position\":1,\"name\":\"INICIO\",\"item\":\"https:\/\/leseresdegatova.es\/\"},{\"@type\":\"ListItem\",\"position\":2,\"name\":\"Manzanilla 81\"}]},{\"@type\":\"WebSite\",\"@id\":\"https:\/\/leseresdegatova.es\/#website\",\"url\":\"https:\/\/leseresdegatova.es\/\",\"name\":\"Les Eres de G\u00e0tova\",\"description\":\"Alojamientos Rurales\",\"publisher\":{\"@id\":\"https:\/\/leseresdegatova.es\/#organization\"},\"potentialAction\":[{\"@type\":\"SearchAction\",\"target\":{\"@type\":\"EntryPoint\",\"urlTemplate\":\"https:\/\/leseresdegatova.es\/?s={search_term_string}\"},\"query-input\":{\"@type\":\"PropertyValueSpecification\",\"valueRequired\":true,\"valueName\":\"search_term_string\"}}],\"inLanguage\":\"en-US\"},{\"@type\":\"Organization\",\"@id\":\"https:\/\/leseresdegatova.es\/#organization\",\"name\":\"LES ERES DE G\u00c0TOVA\",\"url\":\"https:\/\/leseresdegatova.es\/\",\"logo\":{\"@type\":\"ImageObject\",\"inLanguage\":\"en-US\",\"@id\":\"https:\/\/leseresdegatova.es\/#\/schema\/logo\/image\/\",\"url\":\"https:\/\/leseresdegatova.es\/wp-content\/uploads\/2021\/07\/logo-nuevo-web.png\",\"contentUrl\":\"https:\/\/leseresdegatova.es\/wp-content\/uploads\/2021\/07\/logo-nuevo-web.png\",\"width\":421,\"height\":142,\"caption\":\"LES ERES DE G\u00c0TOVA\"},\"image\":{\"@id\":\"https:\/\/leseresdegatova.es\/#\/schema\/logo\/image\/\"},\"sameAs\":[\"https:\/\/es-es.facebook.com\/LesEresdeGatova\/\",\"https:\/\/x.com\/leseresdegatova\",\"https:\/\/www.instagram.com\/leseresdegatova\/?hl=es\",\"https:\/\/www.youtube.com\/channel\/UCu9N1mH9qSxLCLQ4fe2YODg\"]}]}<\/script>\n<!-- \/ Yoast SEO plugin. -->","yoast_head_json":{"title":"Manzanilla 81 - Alojamientos Rurales Les Eres en G\u00e1tova","description":"Manzanilla 81 Anterior Siguiente Ideal para sorprender a tu familia o estancia de relax Casa preciosa y acogedora de dos dormitorios, sal\u00f3n-comedor, su maravillosa ubicaci\u00f3n te permitira el descanso que buscas. Vistas privilegiadas, entorno id\u00edlico, naturaleza pura, senderismo...","robots":{"index":"index","follow":"follow","max-snippet":"max-snippet:-1","max-image-preview":"max-image-preview:large","max-video-preview":"max-video-preview:-1"},"canonical":"https:\/\/leseresdegatova.es\/index.php\/enamorate-de-la-vida-rural\/","og_locale":"en_US","og_type":"article","og_title":"Manzanilla 81 - Alojamientos Rurales Les Eres en G\u00e1tova","og_description":"Manzanilla 81 Anterior Siguiente Ideal para sorprender a tu familia o estancia de relax Casa preciosa y acogedora de dos dormitorios, sal\u00f3n-comedor, su maravillosa ubicaci\u00f3n te permitira el descanso que buscas. Vistas privilegiadas, entorno id\u00edlico, naturaleza pura, senderismo...","og_url":"https:\/\/leseresdegatova.es\/index.php\/enamorate-de-la-vida-rural\/","og_site_name":"Les Eres de G\u00e0tova","article_publisher":"https:\/\/es-es.facebook.com\/LesEresdeGatova\/","article_modified_time":"2022-12-09T23:29:50+00:00","og_image":[{"url":"https:\/\/leseresdegatova.es\/wp-content\/uploads\/2021\/07\/IMG_20210720_114359-2-768x960.jpg","type":"","width":"","height":""}],"twitter_card":"summary_large_image","twitter_site":"@leseresdegatova","twitter_misc":{"Est. reading time":"3 minutes"},"schema":{"@context":"https:\/\/schema.org","@graph":[{"@type":"WebPage","@id":"https:\/\/leseresdegatova.es\/index.php\/enamorate-de-la-vida-rural\/","url":"https:\/\/leseresdegatova.es\/index.php\/enamorate-de-la-vida-rural\/","name":"Manzanilla 81 - Alojamientos Rurales Les Eres en G\u00e1tova","isPartOf":{"@id":"https:\/\/leseresdegatova.es\/#website"},"primaryImageOfPage":{"@id":"https:\/\/leseresdegatova.es\/index.php\/enamorate-de-la-vida-rural\/#primaryimage"},"image":{"@id":"https:\/\/leseresdegatova.es\/index.php\/enamorate-de-la-vida-rural\/#primaryimage"},"thumbnailUrl":"https:\/\/leseresdegatova.es\/wp-content\/uploads\/2021\/07\/IMG_20210720_114359-2-768x960.jpg","datePublished":"2021-07-16T12:22:07+00:00","dateModified":"2022-12-09T23:29:50+00:00","description":"Manzanilla 81 Anterior Siguiente Ideal para sorprender a tu familia o estancia de relax Casa preciosa y acogedora de dos dormitorios, sal\u00f3n-comedor, su maravillosa ubicaci\u00f3n te permitira el descanso que buscas. Vistas privilegiadas, entorno id\u00edlico, naturaleza pura, senderismo...","breadcrumb":{"@id":"https:\/\/leseresdegatova.es\/index.php\/enamorate-de-la-vida-rural\/#breadcrumb"},"inLanguage":"en-US","potentialAction":[{"@type":"ReadAction","target":["https:\/\/leseresdegatova.es\/index.php\/enamorate-de-la-vida-rural\/"]}]},{"@type":"ImageObject","inLanguage":"en-US","@id":"https:\/\/leseresdegatova.es\/index.php\/enamorate-de-la-vida-rural\/#primaryimage","url":"https:\/\/leseresdegatova.es\/wp-content\/uploads\/2021\/07\/IMG_20210720_114359-2.jpg","contentUrl":"https:\/\/leseresdegatova.es\/wp-content\/uploads\/2021\/07\/IMG_20210720_114359-2.jpg","width":1203,"height":1503},{"@type":"BreadcrumbList","@id":"https:\/\/leseresdegatova.es\/index.php\/enamorate-de-la-vida-rural\/#breadcrumb","itemListElement":[{"@type":"ListItem","position":1,"name":"INICIO","item":"https:\/\/leseresdegatova.es\/"},{"@type":"ListItem","position":2,"name":"Manzanilla 81"}]},{"@type":"WebSite","@id":"https:\/\/leseresdegatova.es\/#website","url":"https:\/\/leseresdegatova.es\/","name":"Les Eres de G\u00e0tova","description":"Alojamientos Rurales","publisher":{"@id":"https:\/\/leseresdegatova.es\/#organization"},"potentialAction":[{"@type":"SearchAction","target":{"@type":"EntryPoint","urlTemplate":"https:\/\/leseresdegatova.es\/?s={search_term_string}"},"query-input":{"@type":"PropertyValueSpecification","valueRequired":true,"valueName":"search_term_string"}}],"inLanguage":"en-US"},{"@type":"Organization","@id":"https:\/\/leseresdegatova.es\/#organization","name":"LES ERES DE G\u00c0TOVA","url":"https:\/\/leseresdegatova.es\/","logo":{"@type":"ImageObject","inLanguage":"en-US","@id":"https:\/\/leseresdegatova.es\/#\/schema\/logo\/image\/","url":"https:\/\/leseresdegatova.es\/wp-content\/uploads\/2021\/07\/logo-nuevo-web.png","contentUrl":"https:\/\/leseresdegatova.es\/wp-content\/uploads\/2021\/07\/logo-nuevo-web.png","width":421,"height":142,"caption":"LES ERES DE G\u00c0TOVA"},"image":{"@id":"https:\/\/leseresdegatova.es\/#\/schema\/logo\/image\/"},"sameAs":["https:\/\/es-es.facebook.com\/LesEresdeGatova\/","https:\/\/x.com\/leseresdegatova","https:\/\/www.instagram.com\/leseresdegatova\/?hl=es","https:\/\/www.youtube.com\/channel\/UCu9N1mH9qSxLCLQ4fe2YODg"]}]}},"_links":{"self":[{"href":"https:\/\/leseresdegatova.es\/index.php\/wp-json\/wp\/v2\/pages\/53","targetHints":{"allow":["GET"]}}],"collection":[{"href":"https:\/\/leseresdegatova.es\/index.php\/wp-json\/wp\/v2\/pages"}],"about":[{"href":"https:\/\/leseresdegatova.es\/index.php\/wp-json\/wp\/v2\/types\/page"}],"author":[{"embeddable":true,"href":"https:\/\/leseresdegatova.es\/index.php\/wp-json\/wp\/v2\/users\/1"}],"replies":[{"embeddable":true,"href":"https:\/\/leseresdegatova.es\/index.php\/wp-json\/wp\/v2\/comments?post=53"}],"version-history":[{"count":34,"href":"https:\/\/leseresdegatova.es\/index.php\/wp-json\/wp\/v2\/pages\/53\/revisions"}],"predecessor-version":[{"id":1275,"href":"https:\/\/leseresdegatova.es\/index.php\/wp-json\/wp\/v2\/pages\/53\/revisions\/1275"}],"wp:attachment":[{"href":"https:\/\/leseresdegatova.es\/index.php\/wp-json\/wp\/v2\/media?parent=53"}],"curies":[{"name":"wp","href":"https:\/\/api.w.org\/{rel}","templated":true}]}}