{"id":58,"date":"2021-07-16T13:06:13","date_gmt":"2021-07-16T13:06:13","guid":{"rendered":"https:\/\/leseresdegatova.es\/?page_id=58"},"modified":"2022-12-09T23:12:30","modified_gmt":"2022-12-09T23:12:30","slug":"enamorate-de-la-vida-rural-3","status":"publish","type":"page","link":"https:\/\/leseresdegatova.es\/index.php\/enamorate-de-la-vida-rural-3\/","title":{"rendered":"Boldo 75"},"content":{"rendered":"\t\t<div data-elementor-type=\"wp-page\" data-elementor-id=\"58\" class=\"elementor elementor-58\">\n\t\t\t\t\t\t<section class=\"elementor-section elementor-top-section elementor-element elementor-element-7a971ad8 elementor-section-content-top elementor-section-height-full elementor-section-boxed elementor-section-height-default elementor-section-items-middle\" data-id=\"7a971ad8\" data-element_type=\"section\">\n\t\t\t\t\t\t<div class=\"elementor-container elementor-column-gap-no\">\n\t\t\t\t\t<div class=\"elementor-column elementor-col-100 elementor-top-column elementor-element elementor-element-6abd3c91\" data-id=\"6abd3c91\" data-element_type=\"column\">\n\t\t\t<div class=\"elementor-widget-wrap elementor-element-populated\">\n\t\t\t\t\t\t<div class=\"elementor-element elementor-element-baa4614 animated-slow elementor-invisible elementor-widget elementor-widget-heading\" data-id=\"baa4614\" data-element_type=\"widget\" data-settings=\"{&quot;_animation&quot;:&quot;zoomIn&quot;}\" data-widget_type=\"heading.default\">\n\t\t\t\t<div class=\"elementor-widget-container\">\n\t\t\t\t\t<h1 class=\"elementor-heading-title elementor-size-default\">Boldo 75<\/h1>\t\t\t\t<\/div>\n\t\t\t\t<\/div>\n\t\t\t\t<div class=\"elementor-element elementor-element-1a1fb15 animated-slow elementor-arrows-position-inside elementor-invisible elementor-widget elementor-widget-image-carousel\" data-id=\"1a1fb15\" data-element_type=\"widget\" data-settings=\"{&quot;slides_to_show&quot;:&quot;2&quot;,&quot;slides_to_scroll&quot;:&quot;1&quot;,&quot;navigation&quot;:&quot;arrows&quot;,&quot;image_spacing_custom&quot;:{&quot;unit&quot;:&quot;px&quot;,&quot;size&quot;:34,&quot;sizes&quot;:[]},&quot;_animation&quot;:&quot;zoomIn&quot;,&quot;autoplay&quot;:&quot;yes&quot;,&quot;pause_on_hover&quot;:&quot;yes&quot;,&quot;pause_on_interaction&quot;:&quot;yes&quot;,&quot;autoplay_speed&quot;:5000,&quot;infinite&quot;:&quot;yes&quot;,&quot;speed&quot;:500,&quot;image_spacing_custom_tablet&quot;:{&quot;unit&quot;:&quot;px&quot;,&quot;size&quot;:&quot;&quot;,&quot;sizes&quot;:[]},&quot;image_spacing_custom_mobile&quot;:{&quot;unit&quot;:&quot;px&quot;,&quot;size&quot;:&quot;&quot;,&quot;sizes&quot;:[]}}\" data-widget_type=\"image-carousel.default\">\n\t\t\t\t<div class=\"elementor-widget-container\">\n\t\t\t\t\t\t\t<div class=\"elementor-image-carousel-wrapper swiper\" role=\"region\" aria-roledescription=\"carousel\" aria-label=\"Image Carousel\" dir=\"ltr\">\n\t\t\t<div class=\"elementor-image-carousel swiper-wrapper\" aria-live=\"off\">\n\t\t\t\t\t\t\t\t<div class=\"swiper-slide\" role=\"group\" aria-roledescription=\"slide\" aria-label=\"1 of 5\"><figure class=\"swiper-slide-inner\"><img decoding=\"async\" class=\"swiper-slide-image lazyload\" data-src=\"https:\/\/leseresdegatova.es\/wp-content\/uploads\/2021\/07\/hab-2-768x960.jpeg\" alt=\"hab (2)\" src=\"data:image\/svg+xml;base64,PHN2ZyB3aWR0aD0iMSIgaGVpZ2h0PSIxIiB4bWxucz0iaHR0cDovL3d3dy53My5vcmcvMjAwMC9zdmciPjwvc3ZnPg==\" style=\"--smush-placeholder-width: 768px; --smush-placeholder-aspect-ratio: 768\/960;\" \/><\/figure><\/div><div class=\"swiper-slide\" role=\"group\" aria-roledescription=\"slide\" aria-label=\"2 of 5\"><figure class=\"swiper-slide-inner\"><img decoding=\"async\" class=\"swiper-slide-image lazyload\" data-src=\"https:\/\/leseresdegatova.es\/wp-content\/uploads\/2021\/07\/vistas-2-2-768x960.jpeg\" alt=\"vistas 2 (2)\" src=\"data:image\/svg+xml;base64,PHN2ZyB3aWR0aD0iMSIgaGVpZ2h0PSIxIiB4bWxucz0iaHR0cDovL3d3dy53My5vcmcvMjAwMC9zdmciPjwvc3ZnPg==\" style=\"--smush-placeholder-width: 768px; --smush-placeholder-aspect-ratio: 768\/960;\" \/><\/figure><\/div><div class=\"swiper-slide\" role=\"group\" aria-roledescription=\"slide\" aria-label=\"3 of 5\"><figure class=\"swiper-slide-inner\"><img decoding=\"async\" class=\"swiper-slide-image lazyload\" data-src=\"https:\/\/leseresdegatova.es\/wp-content\/uploads\/2021\/07\/hab-2-2-768x960.jpeg\" alt=\"hab 2 (2)\" src=\"data:image\/svg+xml;base64,PHN2ZyB3aWR0aD0iMSIgaGVpZ2h0PSIxIiB4bWxucz0iaHR0cDovL3d3dy53My5vcmcvMjAwMC9zdmciPjwvc3ZnPg==\" style=\"--smush-placeholder-width: 768px; --smush-placeholder-aspect-ratio: 768\/960;\" \/><\/figure><\/div><div class=\"swiper-slide\" role=\"group\" aria-roledescription=\"slide\" aria-label=\"4 of 5\"><figure class=\"swiper-slide-inner\"><img decoding=\"async\" class=\"swiper-slide-image lazyload\" data-src=\"https:\/\/leseresdegatova.es\/wp-content\/uploads\/2021\/07\/bano-5-768x960.jpg\" alt=\"ba\u00f1o (5)\" src=\"data:image\/svg+xml;base64,PHN2ZyB3aWR0aD0iMSIgaGVpZ2h0PSIxIiB4bWxucz0iaHR0cDovL3d3dy53My5vcmcvMjAwMC9zdmciPjwvc3ZnPg==\" style=\"--smush-placeholder-width: 768px; --smush-placeholder-aspect-ratio: 768\/960;\" \/><\/figure><\/div><div class=\"swiper-slide\" role=\"group\" aria-roledescription=\"slide\" aria-label=\"5 of 5\"><figure class=\"swiper-slide-inner\"><img decoding=\"async\" class=\"swiper-slide-image lazyload\" data-src=\"https:\/\/leseresdegatova.es\/wp-content\/uploads\/2021\/07\/habitacion-2-768x960.jpg\" alt=\"habitacion (2)\" src=\"data:image\/svg+xml;base64,PHN2ZyB3aWR0aD0iMSIgaGVpZ2h0PSIxIiB4bWxucz0iaHR0cDovL3d3dy53My5vcmcvMjAwMC9zdmciPjwvc3ZnPg==\" style=\"--smush-placeholder-width: 768px; --smush-placeholder-aspect-ratio: 768\/960;\" \/><\/figure><\/div>\t\t\t<\/div>\n\t\t\t\t\t\t\t\t\t\t\t\t<div class=\"elementor-swiper-button elementor-swiper-button-prev\" role=\"button\" tabindex=\"0\">\n\t\t\t\t\t\t<i aria-hidden=\"true\" class=\"eicon-chevron-left\"><\/i>\t\t\t\t\t<\/div>\n\t\t\t\t\t<div class=\"elementor-swiper-button elementor-swiper-button-next\" role=\"button\" tabindex=\"0\">\n\t\t\t\t\t\t<i aria-hidden=\"true\" class=\"eicon-chevron-right\"><\/i>\t\t\t\t\t<\/div>\n\t\t\t\t\n\t\t\t\t\t\t\t\t\t<\/div>\n\t\t\t\t\t\t<\/div>\n\t\t\t\t<\/div>\n\t\t\t\t\t<\/div>\n\t\t<\/div>\n\t\t\t\t\t<\/div>\n\t\t<\/section>\n\t\t\t\t<section class=\"elementor-section elementor-top-section elementor-element elementor-element-6ac8d09 elementor-section-boxed elementor-section-height-default elementor-section-height-default\" data-id=\"6ac8d09\" data-element_type=\"section\">\n\t\t\t\t\t\t<div class=\"elementor-container elementor-column-gap-default\">\n\t\t\t\t\t<div class=\"elementor-column elementor-col-100 elementor-top-column elementor-element elementor-element-041d500\" data-id=\"041d500\" data-element_type=\"column\">\n\t\t\t<div class=\"elementor-widget-wrap elementor-element-populated\">\n\t\t\t\t\t\t<div class=\"elementor-element elementor-element-b8e397a elementor-widget elementor-widget-spacer\" data-id=\"b8e397a\" data-element_type=\"widget\" data-widget_type=\"spacer.default\">\n\t\t\t\t<div class=\"elementor-widget-container\">\n\t\t\t\t\t\t\t<div class=\"elementor-spacer\">\n\t\t\t<div class=\"elementor-spacer-inner\"><\/div>\n\t\t<\/div>\n\t\t\t\t\t\t<\/div>\n\t\t\t\t<\/div>\n\t\t\t\t\t<\/div>\n\t\t<\/div>\n\t\t\t\t\t<\/div>\n\t\t<\/section>\n\t\t\t\t<section class=\"elementor-section elementor-top-section elementor-element elementor-element-c096b06 animated-slow elementor-section-boxed elementor-section-height-default elementor-section-height-default elementor-invisible\" data-id=\"c096b06\" data-element_type=\"section\" data-settings=\"{&quot;background_background&quot;:&quot;classic&quot;,&quot;animation&quot;:&quot;slideInUp&quot;}\">\n\t\t\t\t\t\t\t<div class=\"elementor-background-overlay\"><\/div>\n\t\t\t\t\t\t\t<div class=\"elementor-container elementor-column-gap-default\">\n\t\t\t\t\t<div class=\"elementor-column elementor-col-100 elementor-top-column elementor-element elementor-element-4cee8fd\" data-id=\"4cee8fd\" data-element_type=\"column\">\n\t\t\t<div class=\"elementor-widget-wrap elementor-element-populated\">\n\t\t\t\t\t\t<div class=\"elementor-element elementor-element-d1201ab elementor-widget elementor-widget-heading\" data-id=\"d1201ab\" data-element_type=\"widget\" data-widget_type=\"heading.default\">\n\t\t\t\t<div class=\"elementor-widget-container\">\n\t\t\t\t\t<h1 class=\"elementor-heading-title elementor-size-default\">Asombrosas vistas, techos altos, f\u00e1cil acceso para personas con movilidad reducida.<\/h1>\t\t\t\t<\/div>\n\t\t\t\t<\/div>\n\t\t\t\t\t<\/div>\n\t\t<\/div>\n\t\t\t\t\t<\/div>\n\t\t<\/section>\n\t\t\t\t<section class=\"elementor-section elementor-top-section elementor-element elementor-element-62fa51f elementor-section-boxed elementor-section-height-default elementor-section-height-default\" data-id=\"62fa51f\" data-element_type=\"section\">\n\t\t\t\t\t\t<div class=\"elementor-container elementor-column-gap-default\">\n\t\t\t\t\t<div class=\"elementor-column elementor-col-100 elementor-top-column elementor-element elementor-element-6abc5db\" data-id=\"6abc5db\" data-element_type=\"column\">\n\t\t\t<div class=\"elementor-widget-wrap elementor-element-populated\">\n\t\t\t\t\t\t<div class=\"elementor-element elementor-element-ee115bc elementor-widget elementor-widget-spacer\" data-id=\"ee115bc\" data-element_type=\"widget\" data-widget_type=\"spacer.default\">\n\t\t\t\t<div class=\"elementor-widget-container\">\n\t\t\t\t\t\t\t<div class=\"elementor-spacer\">\n\t\t\t<div class=\"elementor-spacer-inner\"><\/div>\n\t\t<\/div>\n\t\t\t\t\t\t<\/div>\n\t\t\t\t<\/div>\n\t\t\t\t\t<\/div>\n\t\t<\/div>\n\t\t\t\t\t<\/div>\n\t\t<\/section>\n\t\t\t\t<section class=\"elementor-section elementor-top-section elementor-element elementor-element-956119c animated-slow elementor-section-boxed elementor-section-height-default elementor-section-height-default elementor-invisible\" data-id=\"956119c\" data-element_type=\"section\" data-settings=\"{&quot;animation&quot;:&quot;slideInUp&quot;}\">\n\t\t\t\t\t\t<div class=\"elementor-container elementor-column-gap-default\">\n\t\t\t\t\t<div class=\"elementor-column elementor-col-100 elementor-top-column elementor-element elementor-element-e8e1567\" data-id=\"e8e1567\" data-element_type=\"column\" data-settings=\"{&quot;background_background&quot;:&quot;classic&quot;}\">\n\t\t\t<div class=\"elementor-widget-wrap elementor-element-populated\">\n\t\t\t\t\t\t<div class=\"elementor-element elementor-element-e51e113 elementor-widget elementor-widget-text-editor\" data-id=\"e51e113\" data-element_type=\"widget\" data-widget_type=\"text-editor.default\">\n\t\t\t\t<div class=\"elementor-widget-container\">\n\t\t\t\t\t\t\t\t\t<p>Sus maravillosas vistas junto con su decoraci\u00f3n te har\u00e1n sentir como en casa pero rodeado de naturaleza.<\/p><p>La piedra de rodeno cobra importancia en los muros de exteriores que sumados a los techos altos de madera har\u00e1n de tu estancia inolvidable.<\/p><p>Se accede desde una calle peatonal sin escaleras.<\/p><p><strong>Disfruta durante tu estancia de las zonas exteriores de uso comunitario para todos los clientes. Alguna de estas zonas son:<\/strong><\/p><p>&#8211; Zona de picnic pergola <br \/>&#8211; Zona de picnic+BBQ<\/p><p>Puedes ver las fotograf\u00edas en la secci\u00f3n de\u00a0<a href=\"https:\/\/leseresdegatova.es\/index.php\/exteriores\/\">exteriores<\/a>\u00a0y\u00a0<a href=\"https:\/\/leseresdegatova.es\/index.php\/reservas\/\">contactar<\/a>\u00a0con el establecimiento para hacer tu reserva.<\/p>\t\t\t\t\t\t\t\t<\/div>\n\t\t\t\t<\/div>\n\t\t\t\t\t<\/div>\n\t\t<\/div>\n\t\t\t\t\t<\/div>\n\t\t<\/section>\n\t\t\t\t<section class=\"elementor-section elementor-top-section elementor-element elementor-element-6ce87aa elementor-section-content-middle elementor-section-boxed elementor-section-height-default elementor-section-height-default\" data-id=\"6ce87aa\" data-element_type=\"section\">\n\t\t\t\t\t\t<div class=\"elementor-container elementor-column-gap-no\">\n\t\t\t\t\t<div class=\"elementor-column elementor-col-100 elementor-top-column elementor-element elementor-element-765ed50\" data-id=\"765ed50\" data-element_type=\"column\">\n\t\t\t<div class=\"elementor-widget-wrap elementor-element-populated\">\n\t\t\t\t\t\t<div class=\"elementor-element elementor-element-478d8f2f elementor-widget elementor-widget-heading\" data-id=\"478d8f2f\" data-element_type=\"widget\" data-widget_type=\"heading.default\">\n\t\t\t\t<div class=\"elementor-widget-container\">\n\t\t\t\t\t<h2 class=\"elementor-heading-title elementor-size-default\">Mas informaci\u00f3n y reserva<\/h2>\t\t\t\t<\/div>\n\t\t\t\t<\/div>\n\t\t\t\t<div class=\"elementor-element elementor-element-1a1705d elementor-button-info elementor-align-center elementor-widget elementor-widget-button\" data-id=\"1a1705d\" data-element_type=\"widget\" data-widget_type=\"button.default\">\n\t\t\t\t<div class=\"elementor-widget-container\">\n\t\t\t\t\t\t\t\t\t<div class=\"elementor-button-wrapper\">\n\t\t\t\t\t<a class=\"elementor-button elementor-button-link elementor-size-lg elementor-animation-buzz-out\" href=\"https:\/\/leseresdegatova.es\/index.php\/reservas\/\">\n\t\t\t\t\t\t<span class=\"elementor-button-content-wrapper\">\n\t\t\t\t\t\t\t\t\t<span class=\"elementor-button-text\">+34 622541142<\/span>\n\t\t\t\t\t<\/span>\n\t\t\t\t\t<\/a>\n\t\t\t\t<\/div>\n\t\t\t\t\t\t\t\t<\/div>\n\t\t\t\t<\/div>\n\t\t\t\t\t<\/div>\n\t\t<\/div>\n\t\t\t\t\t<\/div>\n\t\t<\/section>\n\t\t\t\t<\/div>\n\t\t","protected":false},"excerpt":{"rendered":"<p>Boldo 75 Anterior Siguiente Asombrosas vistas, techos altos, f\u00e1cil acceso para personas con movilidad reducida. Sus maravillosas vistas junto con su decoraci\u00f3n te har\u00e1n sentir como en casa pero rodeado de naturaleza. La piedra de rodeno cobra importancia en los muros de exteriores que sumados a los techos altos de madera har\u00e1n de tu estancia<span class=\"dots\"> &hellip; <\/span><span class=\"link-more\"><a href=\"https:\/\/leseresdegatova.es\/index.php\/enamorate-de-la-vida-rural-3\/\" class=\"more-link\">Read more <span class=\"screen-reader-text\">&#8220;Boldo 75&#8221;<\/span><\/a><\/span><\/p>\n","protected":false},"author":1,"featured_media":0,"parent":0,"menu_order":0,"comment_status":"closed","ping_status":"closed","template":"","meta":{"_joinchat":[],"footnotes":""},"class_list":["post-58","page","type-page","status-publish","hentry"],"yoast_head":"<!-- This site is optimized with the Yoast SEO plugin v26.5 - https:\/\/yoast.com\/wordpress\/plugins\/seo\/ -->\n<title>Boldo 75 Alojamientos Rurales Les Eres en G\u00e1tova<\/title>\n<meta name=\"description\" content=\"Boldo 75 Anterior Siguiente Asombrosas vistas, techos altos, f\u00e1cil acceso para personas con movilidad reducida. Sus maravillosas vistas junto con su Gracias a su maravillosa ubicaci\u00f3n el descanso que buscas ya es posible dentro del Parque natural Sierra Calderona, rutas para disfrutar.\" \/>\n<meta name=\"robots\" content=\"index, follow, max-snippet:-1, max-image-preview:large, max-video-preview:-1\" \/>\n<link rel=\"canonical\" href=\"https:\/\/leseresdegatova.es\/index.php\/enamorate-de-la-vida-rural-3\/\" \/>\n<meta property=\"og:locale\" content=\"en_US\" \/>\n<meta property=\"og:type\" content=\"article\" \/>\n<meta property=\"og:title\" content=\"Boldo 75 Alojamientos Rurales Les Eres en G\u00e1tova\" \/>\n<meta property=\"og:description\" content=\"Boldo 75 Anterior Siguiente Asombrosas vistas, techos altos, f\u00e1cil acceso para personas con movilidad reducida. Sus maravillosas vistas junto con su Gracias a su maravillosa ubicaci\u00f3n el descanso que buscas ya es posible dentro del Parque natural Sierra Calderona, rutas para disfrutar.\" \/>\n<meta property=\"og:url\" content=\"https:\/\/leseresdegatova.es\/index.php\/enamorate-de-la-vida-rural-3\/\" \/>\n<meta property=\"og:site_name\" content=\"Les Eres de G\u00e0tova\" \/>\n<meta property=\"article:publisher\" content=\"https:\/\/es-es.facebook.com\/LesEresdeGatova\/\" \/>\n<meta property=\"article:modified_time\" content=\"2022-12-09T23:12:30+00:00\" \/>\n<meta property=\"og:image\" content=\"https:\/\/leseresdegatova.es\/wp-content\/uploads\/2021\/07\/hab-2-768x960.jpeg\" \/>\n<meta name=\"twitter:card\" content=\"summary_large_image\" \/>\n<meta name=\"twitter:site\" content=\"@leseresdegatova\" \/>\n<meta name=\"twitter:label1\" content=\"Est. reading time\" \/>\n\t<meta name=\"twitter:data1\" content=\"3 minutes\" \/>\n<script type=\"application\/ld+json\" class=\"yoast-schema-graph\">{\"@context\":\"https:\/\/schema.org\",\"@graph\":[{\"@type\":\"WebPage\",\"@id\":\"https:\/\/leseresdegatova.es\/index.php\/enamorate-de-la-vida-rural-3\/\",\"url\":\"https:\/\/leseresdegatova.es\/index.php\/enamorate-de-la-vida-rural-3\/\",\"name\":\"Boldo 75 Alojamientos Rurales Les Eres en G\u00e1tova\",\"isPartOf\":{\"@id\":\"https:\/\/leseresdegatova.es\/#website\"},\"primaryImageOfPage\":{\"@id\":\"https:\/\/leseresdegatova.es\/index.php\/enamorate-de-la-vida-rural-3\/#primaryimage\"},\"image\":{\"@id\":\"https:\/\/leseresdegatova.es\/index.php\/enamorate-de-la-vida-rural-3\/#primaryimage\"},\"thumbnailUrl\":\"https:\/\/leseresdegatova.es\/wp-content\/uploads\/2021\/07\/hab-2-768x960.jpeg\",\"datePublished\":\"2021-07-16T13:06:13+00:00\",\"dateModified\":\"2022-12-09T23:12:30+00:00\",\"description\":\"Boldo 75 Anterior Siguiente Asombrosas vistas, techos altos, f\u00e1cil acceso para personas con movilidad reducida. Sus maravillosas vistas junto con su Gracias a su maravillosa ubicaci\u00f3n el descanso que buscas ya es posible dentro del Parque natural Sierra Calderona, rutas para disfrutar.\",\"breadcrumb\":{\"@id\":\"https:\/\/leseresdegatova.es\/index.php\/enamorate-de-la-vida-rural-3\/#breadcrumb\"},\"inLanguage\":\"en-US\",\"potentialAction\":[{\"@type\":\"ReadAction\",\"target\":[\"https:\/\/leseresdegatova.es\/index.php\/enamorate-de-la-vida-rural-3\/\"]}]},{\"@type\":\"ImageObject\",\"inLanguage\":\"en-US\",\"@id\":\"https:\/\/leseresdegatova.es\/index.php\/enamorate-de-la-vida-rural-3\/#primaryimage\",\"url\":\"https:\/\/leseresdegatova.es\/wp-content\/uploads\/2021\/07\/hab-2.jpeg\",\"contentUrl\":\"https:\/\/leseresdegatova.es\/wp-content\/uploads\/2021\/07\/hab-2.jpeg\",\"width\":1000,\"height\":1250},{\"@type\":\"BreadcrumbList\",\"@id\":\"https:\/\/leseresdegatova.es\/index.php\/enamorate-de-la-vida-rural-3\/#breadcrumb\",\"itemListElement\":[{\"@type\":\"ListItem\",\"position\":1,\"name\":\"INICIO\",\"item\":\"https:\/\/leseresdegatova.es\/\"},{\"@type\":\"ListItem\",\"position\":2,\"name\":\"Boldo 75\"}]},{\"@type\":\"WebSite\",\"@id\":\"https:\/\/leseresdegatova.es\/#website\",\"url\":\"https:\/\/leseresdegatova.es\/\",\"name\":\"Les Eres de G\u00e0tova\",\"description\":\"Alojamientos Rurales\",\"publisher\":{\"@id\":\"https:\/\/leseresdegatova.es\/#organization\"},\"potentialAction\":[{\"@type\":\"SearchAction\",\"target\":{\"@type\":\"EntryPoint\",\"urlTemplate\":\"https:\/\/leseresdegatova.es\/?s={search_term_string}\"},\"query-input\":{\"@type\":\"PropertyValueSpecification\",\"valueRequired\":true,\"valueName\":\"search_term_string\"}}],\"inLanguage\":\"en-US\"},{\"@type\":\"Organization\",\"@id\":\"https:\/\/leseresdegatova.es\/#organization\",\"name\":\"LES ERES DE G\u00c0TOVA\",\"url\":\"https:\/\/leseresdegatova.es\/\",\"logo\":{\"@type\":\"ImageObject\",\"inLanguage\":\"en-US\",\"@id\":\"https:\/\/leseresdegatova.es\/#\/schema\/logo\/image\/\",\"url\":\"https:\/\/leseresdegatova.es\/wp-content\/uploads\/2021\/07\/logo-nuevo-web.png\",\"contentUrl\":\"https:\/\/leseresdegatova.es\/wp-content\/uploads\/2021\/07\/logo-nuevo-web.png\",\"width\":421,\"height\":142,\"caption\":\"LES ERES DE G\u00c0TOVA\"},\"image\":{\"@id\":\"https:\/\/leseresdegatova.es\/#\/schema\/logo\/image\/\"},\"sameAs\":[\"https:\/\/es-es.facebook.com\/LesEresdeGatova\/\",\"https:\/\/x.com\/leseresdegatova\",\"https:\/\/www.instagram.com\/leseresdegatova\/?hl=es\",\"https:\/\/www.youtube.com\/channel\/UCu9N1mH9qSxLCLQ4fe2YODg\"]}]}<\/script>\n<!-- \/ Yoast SEO plugin. -->","yoast_head_json":{"title":"Boldo 75 Alojamientos Rurales Les Eres en G\u00e1tova","description":"Boldo 75 Anterior Siguiente Asombrosas vistas, techos altos, f\u00e1cil acceso para personas con movilidad reducida. Sus maravillosas vistas junto con su Gracias a su maravillosa ubicaci\u00f3n el descanso que buscas ya es posible dentro del Parque natural Sierra Calderona, rutas para disfrutar.","robots":{"index":"index","follow":"follow","max-snippet":"max-snippet:-1","max-image-preview":"max-image-preview:large","max-video-preview":"max-video-preview:-1"},"canonical":"https:\/\/leseresdegatova.es\/index.php\/enamorate-de-la-vida-rural-3\/","og_locale":"en_US","og_type":"article","og_title":"Boldo 75 Alojamientos Rurales Les Eres en G\u00e1tova","og_description":"Boldo 75 Anterior Siguiente Asombrosas vistas, techos altos, f\u00e1cil acceso para personas con movilidad reducida. Sus maravillosas vistas junto con su Gracias a su maravillosa ubicaci\u00f3n el descanso que buscas ya es posible dentro del Parque natural Sierra Calderona, rutas para disfrutar.","og_url":"https:\/\/leseresdegatova.es\/index.php\/enamorate-de-la-vida-rural-3\/","og_site_name":"Les Eres de G\u00e0tova","article_publisher":"https:\/\/es-es.facebook.com\/LesEresdeGatova\/","article_modified_time":"2022-12-09T23:12:30+00:00","og_image":[{"url":"https:\/\/leseresdegatova.es\/wp-content\/uploads\/2021\/07\/hab-2-768x960.jpeg","type":"","width":"","height":""}],"twitter_card":"summary_large_image","twitter_site":"@leseresdegatova","twitter_misc":{"Est. reading time":"3 minutes"},"schema":{"@context":"https:\/\/schema.org","@graph":[{"@type":"WebPage","@id":"https:\/\/leseresdegatova.es\/index.php\/enamorate-de-la-vida-rural-3\/","url":"https:\/\/leseresdegatova.es\/index.php\/enamorate-de-la-vida-rural-3\/","name":"Boldo 75 Alojamientos Rurales Les Eres en G\u00e1tova","isPartOf":{"@id":"https:\/\/leseresdegatova.es\/#website"},"primaryImageOfPage":{"@id":"https:\/\/leseresdegatova.es\/index.php\/enamorate-de-la-vida-rural-3\/#primaryimage"},"image":{"@id":"https:\/\/leseresdegatova.es\/index.php\/enamorate-de-la-vida-rural-3\/#primaryimage"},"thumbnailUrl":"https:\/\/leseresdegatova.es\/wp-content\/uploads\/2021\/07\/hab-2-768x960.jpeg","datePublished":"2021-07-16T13:06:13+00:00","dateModified":"2022-12-09T23:12:30+00:00","description":"Boldo 75 Anterior Siguiente Asombrosas vistas, techos altos, f\u00e1cil acceso para personas con movilidad reducida. Sus maravillosas vistas junto con su Gracias a su maravillosa ubicaci\u00f3n el descanso que buscas ya es posible dentro del Parque natural Sierra Calderona, rutas para disfrutar.","breadcrumb":{"@id":"https:\/\/leseresdegatova.es\/index.php\/enamorate-de-la-vida-rural-3\/#breadcrumb"},"inLanguage":"en-US","potentialAction":[{"@type":"ReadAction","target":["https:\/\/leseresdegatova.es\/index.php\/enamorate-de-la-vida-rural-3\/"]}]},{"@type":"ImageObject","inLanguage":"en-US","@id":"https:\/\/leseresdegatova.es\/index.php\/enamorate-de-la-vida-rural-3\/#primaryimage","url":"https:\/\/leseresdegatova.es\/wp-content\/uploads\/2021\/07\/hab-2.jpeg","contentUrl":"https:\/\/leseresdegatova.es\/wp-content\/uploads\/2021\/07\/hab-2.jpeg","width":1000,"height":1250},{"@type":"BreadcrumbList","@id":"https:\/\/leseresdegatova.es\/index.php\/enamorate-de-la-vida-rural-3\/#breadcrumb","itemListElement":[{"@type":"ListItem","position":1,"name":"INICIO","item":"https:\/\/leseresdegatova.es\/"},{"@type":"ListItem","position":2,"name":"Boldo 75"}]},{"@type":"WebSite","@id":"https:\/\/leseresdegatova.es\/#website","url":"https:\/\/leseresdegatova.es\/","name":"Les Eres de G\u00e0tova","description":"Alojamientos Rurales","publisher":{"@id":"https:\/\/leseresdegatova.es\/#organization"},"potentialAction":[{"@type":"SearchAction","target":{"@type":"EntryPoint","urlTemplate":"https:\/\/leseresdegatova.es\/?s={search_term_string}"},"query-input":{"@type":"PropertyValueSpecification","valueRequired":true,"valueName":"search_term_string"}}],"inLanguage":"en-US"},{"@type":"Organization","@id":"https:\/\/leseresdegatova.es\/#organization","name":"LES ERES DE G\u00c0TOVA","url":"https:\/\/leseresdegatova.es\/","logo":{"@type":"ImageObject","inLanguage":"en-US","@id":"https:\/\/leseresdegatova.es\/#\/schema\/logo\/image\/","url":"https:\/\/leseresdegatova.es\/wp-content\/uploads\/2021\/07\/logo-nuevo-web.png","contentUrl":"https:\/\/leseresdegatova.es\/wp-content\/uploads\/2021\/07\/logo-nuevo-web.png","width":421,"height":142,"caption":"LES ERES DE G\u00c0TOVA"},"image":{"@id":"https:\/\/leseresdegatova.es\/#\/schema\/logo\/image\/"},"sameAs":["https:\/\/es-es.facebook.com\/LesEresdeGatova\/","https:\/\/x.com\/leseresdegatova","https:\/\/www.instagram.com\/leseresdegatova\/?hl=es","https:\/\/www.youtube.com\/channel\/UCu9N1mH9qSxLCLQ4fe2YODg"]}]}},"_links":{"self":[{"href":"https:\/\/leseresdegatova.es\/index.php\/wp-json\/wp\/v2\/pages\/58","targetHints":{"allow":["GET"]}}],"collection":[{"href":"https:\/\/leseresdegatova.es\/index.php\/wp-json\/wp\/v2\/pages"}],"about":[{"href":"https:\/\/leseresdegatova.es\/index.php\/wp-json\/wp\/v2\/types\/page"}],"author":[{"embeddable":true,"href":"https:\/\/leseresdegatova.es\/index.php\/wp-json\/wp\/v2\/users\/1"}],"replies":[{"embeddable":true,"href":"https:\/\/leseresdegatova.es\/index.php\/wp-json\/wp\/v2\/comments?post=58"}],"version-history":[{"count":94,"href":"https:\/\/leseresdegatova.es\/index.php\/wp-json\/wp\/v2\/pages\/58\/revisions"}],"predecessor-version":[{"id":1263,"href":"https:\/\/leseresdegatova.es\/index.php\/wp-json\/wp\/v2\/pages\/58\/revisions\/1263"}],"wp:attachment":[{"href":"https:\/\/leseresdegatova.es\/index.php\/wp-json\/wp\/v2\/media?parent=58"}],"curies":[{"name":"wp","href":"https:\/\/api.w.org\/{rel}","templated":true}]}}